{"id":347,"date":"2024-03-01T00:30:46","date_gmt":"2024-03-01T00:30:46","guid":{"rendered":"https:\/\/www.loasisdeletoile.com\/membership-login\/"},"modified":"2024-04-27T00:05:22","modified_gmt":"2024-04-27T00:05:22","slug":"membership-login","status":"publish","type":"page","link":"https:\/\/www.loasisdeletoile.com\/fr\/membership-login\/","title":{"rendered":"Connexion membre"},"content":{"rendered":"<p>Bienvenue sur notre espace de connexion membre ! Cette fonctionnalit\u00e9 est exclusivement r\u00e9serv\u00e9e \u00e0 nos campeurs actuellement enregistr\u00e9s, leur donnant acc\u00e8s \u00e0 une gamme d'avantages. En se connectant, les campeurs peuvent rester inform\u00e9s des avis sp\u00e9ciaux, des \u00e9v\u00e9nements \u00e0 venir et de l'actualit\u00e9 qui se d\u00e9roulent autour du terrain de camping. C'est notre fa\u00e7on de garantir que nos pr\u00e9cieux membres sont toujours inform\u00e9s et peuvent profiter pleinement de leur exp\u00e9rience de camping avec nous. Si vous \u00eates un campeur enregistr\u00e9, connectez-vous maintenant pour d\u00e9bloquer ces privil\u00e8ges sp\u00e9ciaux et am\u00e9liorer votre s\u00e9jour chez nous !<\/p>\n\n\n<div class=\"swpm-login-widget-form\">\n    <form id=\"swpm-login-form\" name=\"swpm-login-form\" method=\"post\" action=\"\" data-trp-original-action=\"\">\n        <input type=\"hidden\" name=\"swpm_login_origination_flag\" value=\"1\" \/>\n        <div class=\"swpm-login-form-inner\">\n            <div class=\"swpm-username-label\">\n                <label for=\"swpm_user_name\" class=\"swpm-label\">Nom d'utilisateur ou courriel<\/label>\n            <\/div>\n            <div class=\"swpm-username-input\">\n                <input type=\"text\" class=\"swpm-text-field swpm-username-field\" id=\"swpm_user_name\" value=\"\" size=\"25\" name=\"swpm_user_name\" \/>\n            <\/div>\n            <div class=\"swpm-password-label\">\n                <label for=\"swpm_password\" class=\"swpm-label\">Mot de passe<\/label>\n            <\/div>\n            <div class=\"swpm-password-input\">                \n                <input type=\"password\" class=\"swpm-text-field swpm-password-field\" id=\"swpm_password\" value=\"\" size=\"25\" name=\"swpm_password\" \/>                \n            <\/div>\n                            <div class=\"swpm-password-input-visibility\">                                        \n                    <span class=\"swpm-password-toggle-checkbox\"><input type=\"checkbox\" name=\"swpm-password-toggle-checkbox\" id=\"swpm-password-toggle-checkbox\" data-state=\"password-hidden\" > <\/span>\n                    <label for=\"swpm-password-toggle-checkbox\" class=\"swpm-password-toggle-checkbox-label\">\n                        <span class=\"swpm-password-toggle-label\"> Montrer le mot de passe<\/span>\n                    <\/label>\n                <\/div>\n                        <div class=\"swpm-remember-me\">\n                <span class=\"swpm-remember-checkbox\"><input type=\"checkbox\" name=\"rememberme\" id=\"swpm-rememberme\"><\/span>\n                <label for=\"swpm-rememberme\" class=\"swpm-rememberme-label\">\n                    <span class=\"swpm-rember-label\"> Se souvenir de moi<\/span>\n                <\/label>\n            <\/div>\n\n            <div class=\"swpm-before-login-submit-section\"><\/div>\n\n            <div class=\"swpm-login-submit\">\n                <input type=\"submit\" class=\"swpm-login-form-submit swpm-submit-btn-default-style\" name=\"swpm-login\" value=\"connecter\"\/>\n            <\/div>\n            <div class=\"swpm-forgot-pass-link\">\n                <a id=\"forgot_pass\" class=\"swpm-login-form-pw-reset-link\"  href=\"https:\/\/www.loasisdeletoile.com\/fr\/membership-login\/password-reset\/\">Tu as oubli\u00e9 ton mot de passe?<\/a>\n            <\/div>\n                        <div class=\"swpm-join-us-link\">\n                <a id=\"register\" class=\"swpm-login-form-register-link\" href=\"https:\/\/www.loasisdeletoile.com\/fr\/membership-join\/\">Joins-toi \u00e0 nous<\/a>\n            <\/div>\n                        <div class=\"swpm-login-action-msg\">\n                <span class=\"swpm-login-widget-action-msg\"><\/span>\n            <\/div>\n        <\/div>\n    <input type=\"hidden\" name=\"trp-form-language\" value=\"fr\"\/><\/form>\n\n    <\/div>","protected":false},"excerpt":{"rendered":"<p>Welcome to our member login area! This feature is exclusively for our current registered campers, providing them with access to a range of benefits. By logging in, campers can stay informed about special notices, upcoming events, and current affairs happening around the campground. It&#8217;s our way of ensuring that our valued members are always in [&hellip;]<\/p>\n","protected":false},"author":2,"featured_media":146,"parent":0,"menu_order":0,"comment_status":"closed","ping_status":"closed","template":"","meta":{"om_disable_all_campaigns":false,"_uag_custom_page_level_css":"","_monsterinsights_skip_tracking":false,"_monsterinsights_sitenote_active":false,"_monsterinsights_sitenote_note":"","_monsterinsights_sitenote_category":0,"_mc_calendar":[],"footnotes":""},"class_list":["post-347","page","type-page","status-publish","has-post-thumbnail","hentry"],"aioseo_notices":[],"uagb_featured_image_src":{"full":["https:\/\/www.loasisdeletoile.com\/wp-content\/uploads\/2023\/10\/IMG_2553-scaled.jpeg",2560,1920,false],"thumbnail":["https:\/\/www.loasisdeletoile.com\/wp-content\/uploads\/2023\/10\/IMG_2553-150x150.jpeg",150,150,true],"medium":["https:\/\/www.loasisdeletoile.com\/wp-content\/uploads\/2023\/10\/IMG_2553-300x225.jpeg",300,225,true],"medium_large":["https:\/\/www.loasisdeletoile.com\/wp-content\/uploads\/2023\/10\/IMG_2553-768x576.jpeg",768,576,true],"large":["https:\/\/www.loasisdeletoile.com\/wp-content\/uploads\/2023\/10\/IMG_2553-1024x768.jpeg",1024,768,true],"1536x1536":["https:\/\/www.loasisdeletoile.com\/wp-content\/uploads\/2023\/10\/IMG_2553-1536x1152.jpeg",1536,1152,true],"2048x2048":["https:\/\/www.loasisdeletoile.com\/wp-content\/uploads\/2023\/10\/IMG_2553-2048x1536.jpeg",2048,1536,true],"trp-custom-language-flag":["https:\/\/www.loasisdeletoile.com\/wp-content\/uploads\/2023\/10\/IMG_2553-16x12.jpeg",16,12,true]},"uagb_author_info":{"display_name":"L'Oasis de L'\u00c9toile","author_link":"https:\/\/www.loasisdeletoile.com\/fr\/author\/pbrown\/"},"uagb_comment_info":0,"uagb_excerpt":"Welcome to our member login area! This feature is exclusively for our current registered campers, providing them with access to a range of benefits. By logging in, campers can stay informed about special notices, upcoming events, and current affairs happening around the campground. It&#8217;s our way of ensuring that our valued members are always in&hellip;","_links":{"self":[{"href":"https:\/\/www.loasisdeletoile.com\/fr\/wp-json\/wp\/v2\/pages\/347","targetHints":{"allow":["GET"]}}],"collection":[{"href":"https:\/\/www.loasisdeletoile.com\/fr\/wp-json\/wp\/v2\/pages"}],"about":[{"href":"https:\/\/www.loasisdeletoile.com\/fr\/wp-json\/wp\/v2\/types\/page"}],"author":[{"embeddable":true,"href":"https:\/\/www.loasisdeletoile.com\/fr\/wp-json\/wp\/v2\/users\/2"}],"replies":[{"embeddable":true,"href":"https:\/\/www.loasisdeletoile.com\/fr\/wp-json\/wp\/v2\/comments?post=347"}],"version-history":[{"count":4,"href":"https:\/\/www.loasisdeletoile.com\/fr\/wp-json\/wp\/v2\/pages\/347\/revisions"}],"predecessor-version":[{"id":386,"href":"https:\/\/www.loasisdeletoile.com\/fr\/wp-json\/wp\/v2\/pages\/347\/revisions\/386"}],"wp:featuredmedia":[{"embeddable":true,"href":"https:\/\/www.loasisdeletoile.com\/fr\/wp-json\/wp\/v2\/media\/146"}],"wp:attachment":[{"href":"https:\/\/www.loasisdeletoile.com\/fr\/wp-json\/wp\/v2\/media?parent=347"}],"curies":[{"name":"wp","href":"https:\/\/api.w.org\/{rel}","templated":true}]}}