{"id":28,"date":"2023-10-02T00:06:38","date_gmt":"2023-10-02T00:06:38","guid":{"rendered":"https:\/\/www.loasisdeletoile.com\/?page_id=28"},"modified":"2024-04-30T21:48:18","modified_gmt":"2024-04-30T21:48:18","slug":"amenities","status":"publish","type":"page","link":"https:\/\/www.loasisdeletoile.com\/fr\/amenities\/","title":{"rendered":"Commodit\u00e9s"},"content":{"rendered":"<p>Au Camping L\u2019Oasis de l\u2019\u00c9toile, nous comprenons l\u2019importance de la commodit\u00e9 et du confort lors de votre exp\u00e9rience de camping.<\/p>\n\n\n\n<div class=\"wp-block-columns is-layout-flex wp-container-core-columns-is-layout-28f84493 wp-block-columns-is-layout-flex\">\n<div class=\"wp-block-column is-layout-flow wp-block-column-is-layout-flow\" style=\"flex-basis:66.66%\">\n<h3 class=\"wp-block-heading\" id=\"pool\">Piscine<\/h3>\n\n\n\n<p>\u00c9chappez-vous dans notre piscine spacieuse d'eau sal\u00e9e de 4 pieds de profondeur. Parfait pour vous rafra\u00eechir et vous d\u00e9tendre lors des chaudes journ\u00e9es d'\u00e9t\u00e9. Il dispose d'un magnifique patio o\u00f9 vous pourrez vous pr\u00e9lasser au soleil ou vous baigner tranquillement pour vous rafra\u00eechir et savourer le moment.<\/p>\n\n\n\n<div class=\"wp-block-uagb-inline-notice uagb-inline_notice__align-left uagb-block-f0cb2dd2\"><button class=\"uagb-notice-close-button\" type=\"button\" aria-label=\"Close\"><\/button><h4 class=\"uagb-notice-title\"><i class=\"fas fa-circle-info\"><\/i>  R\u00e8gles de la piscine<\/h4><div class=\"uagb-notice-text\">\n<p>\u2013 Aucune personne avec une maladie infectieuse est permis dans la piscine<br>\u2013 Aucune bouteille ni contenant n\u2019est permis dans ou autour de la piscine<br>\u2013 Il est interdit de cracher, d'\u00e9ternuer ou d'uriner dans la piscine<br>\u2013 Le nombre maximum de baigneurs est de 10<br>\u2013 Il est interdit de courir ou de jouer autour de la piscine.<br>\u2013 Le t\u00e9l\u00e9phone d'urgence est situ\u00e9 face \u00e0 la piscine<br>\u2013 Attention : Pas de plong\u00e9e. La profondeur de la piscine n'est que de 4 pieds.<\/p>\n<\/div><\/div>\n<\/div>\n\n\n\n<div class=\"wp-block-column is-layout-flow wp-block-column-is-layout-flow\" style=\"flex-basis:33.33%\">\n<figure class=\"wp-block-image size-large has-custom-border\"><img loading=\"lazy\" decoding=\"async\" width=\"2560\" height=\"2560\" src=\"https:\/\/www.loasisdeletoile.com\/wp-content\/uploads\/2023\/10\/IMG_2148-edited-scaled.jpeg\" alt=\"\" class=\"wp-image-92\" style=\"border-radius:10px\" srcset=\"https:\/\/www.loasisdeletoile.com\/wp-content\/uploads\/2023\/10\/IMG_2148-edited-scaled.jpeg 2560w, https:\/\/www.loasisdeletoile.com\/wp-content\/uploads\/2023\/10\/IMG_2148-edited-300x300.jpeg 300w, https:\/\/www.loasisdeletoile.com\/wp-content\/uploads\/2023\/10\/IMG_2148-edited-1024x1024.jpeg 1024w, https:\/\/www.loasisdeletoile.com\/wp-content\/uploads\/2023\/10\/IMG_2148-edited-150x150.jpeg 150w, https:\/\/www.loasisdeletoile.com\/wp-content\/uploads\/2023\/10\/IMG_2148-edited-768x768.jpeg 768w, https:\/\/www.loasisdeletoile.com\/wp-content\/uploads\/2023\/10\/IMG_2148-edited-1536x1536.jpeg 1536w, https:\/\/www.loasisdeletoile.com\/wp-content\/uploads\/2023\/10\/IMG_2148-edited-2048x2048.jpeg 2048w, https:\/\/www.loasisdeletoile.com\/wp-content\/uploads\/2023\/10\/IMG_2148-edited-12x12.jpeg 12w\" sizes=\"auto, (max-width: 2560px) 100vw, 2560px\" \/><\/figure>\n<\/div>\n<\/div>\n\n\n\n<hr class=\"wp-block-separator has-alpha-channel-opacity is-style-dots\"\/>\n\n\n\n<div class=\"wp-block-columns is-layout-flex wp-container-core-columns-is-layout-28f84493 wp-block-columns-is-layout-flex\">\n<div class=\"wp-block-column is-layout-flow wp-block-column-is-layout-flow\" style=\"flex-basis:66.66%\">\n<h3 class=\"wp-block-heading\" id=\"playground\">Terrain de jeux<\/h3>\n\n\n\n<p>D\u00e9couvrez notre terrain de jeux sur site, un havre de plaisir et d'excitation pour les enfants de tous \u00e2ges. Notre espace de jeux est soigneusement con\u00e7u avec diverses structures de jeu, balan\u00e7oires et fonctionnalit\u00e9s interactives pour divertir les plus petits pendant des heures. Pendant qu'ils explorent et cr\u00e9ent des souvenirs, vous pourrez vous d\u00e9tendre et profiter du cadre serein de notre camping.<\/p>\n\n\n\n<p>L'aire de jeux propose \u00e9galement le jeu classique de fer \u00e0 cheval. Petits et grands peuvent appr\u00e9cier le charme de ce passe-temps traditionnel, o\u00f9 les rires remplissent l'air tandis que vous visez un lancer parfait.<\/p>\n<\/div>\n\n\n\n<div class=\"wp-block-column is-layout-flow wp-block-column-is-layout-flow\" style=\"flex-basis:33.33%\">\n<figure class=\"wp-block-image size-large has-custom-border\"><img loading=\"lazy\" decoding=\"async\" width=\"2268\" height=\"2268\" src=\"https:\/\/www.loasisdeletoile.com\/wp-content\/uploads\/2023\/10\/IMG_2152-edited.jpeg\" alt=\"\" class=\"wp-image-90\" style=\"border-radius:10px\" srcset=\"https:\/\/www.loasisdeletoile.com\/wp-content\/uploads\/2023\/10\/IMG_2152-edited.jpeg 2268w, https:\/\/www.loasisdeletoile.com\/wp-content\/uploads\/2023\/10\/IMG_2152-edited-300x300.jpeg 300w, https:\/\/www.loasisdeletoile.com\/wp-content\/uploads\/2023\/10\/IMG_2152-edited-1024x1024.jpeg 1024w, https:\/\/www.loasisdeletoile.com\/wp-content\/uploads\/2023\/10\/IMG_2152-edited-150x150.jpeg 150w, https:\/\/www.loasisdeletoile.com\/wp-content\/uploads\/2023\/10\/IMG_2152-edited-768x768.jpeg 768w, https:\/\/www.loasisdeletoile.com\/wp-content\/uploads\/2023\/10\/IMG_2152-edited-1536x1536.jpeg 1536w, https:\/\/www.loasisdeletoile.com\/wp-content\/uploads\/2023\/10\/IMG_2152-edited-2048x2048.jpeg 2048w, https:\/\/www.loasisdeletoile.com\/wp-content\/uploads\/2023\/10\/IMG_2152-edited-12x12.jpeg 12w\" sizes=\"auto, (max-width: 2268px) 100vw, 2268px\" \/><\/figure>\n<\/div>\n<\/div>\n\n\n\n<hr class=\"wp-block-separator has-alpha-channel-opacity is-style-dots\"\/>\n\n\n\n<div class=\"wp-block-columns is-layout-flex wp-container-core-columns-is-layout-28f84493 wp-block-columns-is-layout-flex\">\n<div class=\"wp-block-column is-layout-flow wp-block-column-is-layout-flow\" style=\"flex-basis:66.66%\">\n<h3 class=\"wp-block-heading\" id=\"laundry\">Buanderie&nbsp;<\/h3>\n\n\n\n<p>Pour plus de confort, nous mettons \u00e0 votre disposition une buanderie sur place, vous assurant d'avoir tous les conforts de la maison afin que vous puissiez rafra\u00eechir votre \u00e9quipement ou vos v\u00eatements de camping pendant votre s\u00e9jour, ce qui rend votre s\u00e9jour aussi confortable que possible.<\/p>\n<\/div>\n\n\n\n<div class=\"wp-block-column is-layout-flow wp-block-column-is-layout-flow\" style=\"flex-basis:33.33%\">\n<figure class=\"wp-block-image size-large has-custom-border\"><img loading=\"lazy\" decoding=\"async\" width=\"2560\" height=\"2560\" src=\"https:\/\/www.loasisdeletoile.com\/wp-content\/uploads\/2023\/10\/IMG_2542-edited-scaled.jpeg\" alt=\"\" class=\"wp-image-93\" style=\"border-radius:10px\" srcset=\"https:\/\/www.loasisdeletoile.com\/wp-content\/uploads\/2023\/10\/IMG_2542-edited-scaled.jpeg 2560w, https:\/\/www.loasisdeletoile.com\/wp-content\/uploads\/2023\/10\/IMG_2542-edited-300x300.jpeg 300w, https:\/\/www.loasisdeletoile.com\/wp-content\/uploads\/2023\/10\/IMG_2542-edited-1024x1024.jpeg 1024w, https:\/\/www.loasisdeletoile.com\/wp-content\/uploads\/2023\/10\/IMG_2542-edited-150x150.jpeg 150w, https:\/\/www.loasisdeletoile.com\/wp-content\/uploads\/2023\/10\/IMG_2542-edited-768x768.jpeg 768w, https:\/\/www.loasisdeletoile.com\/wp-content\/uploads\/2023\/10\/IMG_2542-edited-1536x1536.jpeg 1536w, https:\/\/www.loasisdeletoile.com\/wp-content\/uploads\/2023\/10\/IMG_2542-edited-2048x2048.jpeg 2048w, https:\/\/www.loasisdeletoile.com\/wp-content\/uploads\/2023\/10\/IMG_2542-edited-12x12.jpeg 12w\" sizes=\"auto, (max-width: 2560px) 100vw, 2560px\" \/><\/figure>\n<\/div>\n<\/div>\n\n\n\n<hr class=\"wp-block-separator has-alpha-channel-opacity is-style-dots\"\/>\n\n\n\n<div class=\"wp-block-columns is-layout-flex wp-container-core-columns-is-layout-28f84493 wp-block-columns-is-layout-flex\">\n<div class=\"wp-block-column is-layout-flow wp-block-column-is-layout-flow\" style=\"flex-basis:66.66%\">\n<h3 class=\"wp-block-heading\" id=\"showers\">Douches<\/h3>\n\n\n\n<p>Nous fournissons des douches pour vous permettre de vous rafra\u00eechir et de vous sentir mieux tout en profitant du grand air. Nos douches sont con\u00e7ues pour offrir du confort et du priv\u00e9, permettant d\u2019effacer les aventures de la journ\u00e9e et de vous d\u00e9tendre apr\u00e8s une journ\u00e9e d'activit\u00e9s de plein air.<\/p>\n\n\n\n<p>Nous voulons que votre exp\u00e9rience de camping soit agr\u00e9able et sans tracas, et fournir des douches n'est qu'une des fa\u00e7ons dont nous nous effor\u00e7ons de r\u00e9pondre \u00e0 vos besoins et d'am\u00e9liorer votre s\u00e9jour.<\/p>\n<\/div>\n\n\n\n<div class=\"wp-block-column is-layout-flow wp-block-column-is-layout-flow\" style=\"flex-basis:33.33%\">\n<figure class=\"wp-block-image size-large has-custom-border\"><img loading=\"lazy\" decoding=\"async\" width=\"2560\" height=\"2560\" src=\"https:\/\/www.loasisdeletoile.com\/wp-content\/uploads\/2023\/10\/IMG_2541-edited-scaled.jpeg\" alt=\"\" class=\"wp-image-105\" style=\"border-radius:10px\" srcset=\"https:\/\/www.loasisdeletoile.com\/wp-content\/uploads\/2023\/10\/IMG_2541-edited-scaled.jpeg 2560w, https:\/\/www.loasisdeletoile.com\/wp-content\/uploads\/2023\/10\/IMG_2541-edited-300x300.jpeg 300w, https:\/\/www.loasisdeletoile.com\/wp-content\/uploads\/2023\/10\/IMG_2541-edited-1024x1024.jpeg 1024w, https:\/\/www.loasisdeletoile.com\/wp-content\/uploads\/2023\/10\/IMG_2541-edited-150x150.jpeg 150w, https:\/\/www.loasisdeletoile.com\/wp-content\/uploads\/2023\/10\/IMG_2541-edited-768x768.jpeg 768w, https:\/\/www.loasisdeletoile.com\/wp-content\/uploads\/2023\/10\/IMG_2541-edited-1536x1536.jpeg 1536w, https:\/\/www.loasisdeletoile.com\/wp-content\/uploads\/2023\/10\/IMG_2541-edited-2048x2048.jpeg 2048w, https:\/\/www.loasisdeletoile.com\/wp-content\/uploads\/2023\/10\/IMG_2541-edited-12x12.jpeg 12w\" sizes=\"auto, (max-width: 2560px) 100vw, 2560px\" \/><\/figure>\n<\/div>\n<\/div>\n\n\n\n<hr class=\"wp-block-separator has-alpha-channel-opacity is-style-dots\"\/>\n\n\n\n<div class=\"wp-block-columns is-layout-flex wp-container-core-columns-is-layout-28f84493 wp-block-columns-is-layout-flex\">\n<div class=\"wp-block-column is-layout-flow wp-block-column-is-layout-flow\" style=\"flex-basis:66.66%\">\n<h3 class=\"wp-block-heading\" id=\"firewood\">Bois \u00e0 br\u00fbler<\/h3>\n\n\n\n<p>Alors que la journ\u00e9e prend fin, rassemblez-vous et profitez d\u2019un feu de camp chaleureux sous le ciel \u00e9toil\u00e9. Nous offrons la livraison de bois \u00e0 co\u00fbt suppl\u00e9mentaire. Rassemblez-vous autour des flammes cr\u00e9pitantes, partagez des histoires, pr\u00e9parez des s'mores et cr\u00e9ez des souvenirs inoubliables en famille et entre amis.<\/p>\n\n\n\n<div class=\"wp-block-uagb-inline-notice uagb-inline_notice__align-left uagb-block-6066fa87\"><button class=\"uagb-notice-close-button\" type=\"button\" aria-label=\"Close\"><\/button><h4 class=\"uagb-notice-title\"><i class=\"fas fa-triangle-exclamation\"><\/i>  Avis important 1<\/h4><div class=\"uagb-notice-text\">\n<p>Il est interdit d'apporter son propre bois de chauffage principalement pour des raisons environnementales. Le transport du bois de chauffage d'une zone \u00e0 une autre peut introduire des insectes nuisibles et des maladies qui peut avoir un impact n\u00e9gatif sur la population d'arbres locaux.<\/p>\n\n\n\n<p>Du bois de chauffage est disponible sur place \u00e0 des frais suppl\u00e9mentaires. Nous garantissons que la qualit\u00e9 du bois de chauffage que nous vendons ne pr\u00e9sente aucun danger pour la population d'arbres locale et que le bois de chauffage r\u00e9pond \u00e0 des crit\u00e8res sp\u00e9cifiques pour minimiser le risque d'incendies incontr\u00f4l\u00e9s pour une exp\u00e9rience de camping meilleure et plus s\u00e9curitaire.<\/p>\n\n\n\n<p>Pour le bois de chauffage, simplement&nbsp;<a href=\"https:\/\/www.loasisdeletoile.com\/fr\/contact-us\/\">contacter un b\u00e9n\u00e9vole<\/a>&nbsp;et il organisera une livraison sur votre terrain.<\/p>\n<\/div><\/div>\n\n\n\n<div class=\"wp-block-uagb-inline-notice uagb-inline_notice__align-left uagb-block-cd924fc4\"><button class=\"uagb-notice-close-button\" type=\"button\" aria-label=\"Close\"><\/button><h4 class=\"uagb-notice-title\"><i class=\"fas fa-triangle-exclamation\"><\/i>  Avis important 2<\/h4><div class=\"uagb-notice-text\">\n<p>\u00c0 L\u2019Oasis de l\u2019\u00c9toile, nous priorisons la s\u00e9curit\u00e9 et le bien-\u00eatre de tous les campeurs et de notre cadre naturel. Veuillez noter que pendant certaines p\u00e9riodes de l'ann\u00e9e, des interdictions de br\u00fblage peuvent \u00eatre en vigueur, conform\u00e9ment aux directives des autorit\u00e9s locales ou en raison des conditions m\u00e9t\u00e9orologiques.<br>Des interdictions de br\u00fblage sont mises en place pour pr\u00e9venir les risques d'incendies de for\u00eat et pour prot\u00e9ger l'\u00e9cosyst\u00e8me d\u00e9licat entourant notre camping. Ces interdictions peuvent restreindre les feux de camp, les grillades en plein air ou l'utilisation d'autres flammes nues.<br>Nous demandons \u00e0 tous les campeurs de respecter et d'adh\u00e9rer \u00e0 toute interdiction de br\u00fblage en vigueur pendant leur s\u00e9jour. Nous fournirons des informations sur l'\u00e9tat actuel des interdictions de br\u00fblage dans la zone d'enregistrement du camping et dans toutes nos installations.<\/p>\n<\/div><\/div>\n<\/div>\n\n\n\n<div class=\"wp-block-column is-layout-flow wp-block-column-is-layout-flow\" style=\"flex-basis:33.33%\">\n<figure class=\"wp-block-image size-large has-custom-border\"><img loading=\"lazy\" decoding=\"async\" width=\"2560\" height=\"2560\" src=\"https:\/\/www.loasisdeletoile.com\/wp-content\/uploads\/2023\/10\/IMG_2188-edited-scaled.jpeg\" alt=\"\" class=\"wp-image-94\" style=\"border-radius:10px\" srcset=\"https:\/\/www.loasisdeletoile.com\/wp-content\/uploads\/2023\/10\/IMG_2188-edited-scaled.jpeg 2560w, https:\/\/www.loasisdeletoile.com\/wp-content\/uploads\/2023\/10\/IMG_2188-edited-300x300.jpeg 300w, https:\/\/www.loasisdeletoile.com\/wp-content\/uploads\/2023\/10\/IMG_2188-edited-1024x1024.jpeg 1024w, https:\/\/www.loasisdeletoile.com\/wp-content\/uploads\/2023\/10\/IMG_2188-edited-150x150.jpeg 150w, https:\/\/www.loasisdeletoile.com\/wp-content\/uploads\/2023\/10\/IMG_2188-edited-768x768.jpeg 768w, https:\/\/www.loasisdeletoile.com\/wp-content\/uploads\/2023\/10\/IMG_2188-edited-1536x1536.jpeg 1536w, https:\/\/www.loasisdeletoile.com\/wp-content\/uploads\/2023\/10\/IMG_2188-edited-2048x2048.jpeg 2048w, https:\/\/www.loasisdeletoile.com\/wp-content\/uploads\/2023\/10\/IMG_2188-edited-12x12.jpeg 12w\" sizes=\"auto, (max-width: 2560px) 100vw, 2560px\" \/><\/figure>\n<\/div>\n<\/div>\n\n\n\n<hr class=\"wp-block-separator has-alpha-channel-opacity is-style-dots\"\/>\n\n\n\n<div class=\"wp-block-columns is-layout-flex wp-container-core-columns-is-layout-28f84493 wp-block-columns-is-layout-flex\">\n<div class=\"wp-block-column is-layout-flow wp-block-column-is-layout-flow\" style=\"flex-basis:66.66%\">\n<h3 class=\"wp-block-heading\" id=\"water\">Eau de puits<\/h3>\n\n\n\n<p>Les connexion d'eau au campings fournissent g\u00e9n\u00e9ralement une source d'eau pour un usage g\u00e9n\u00e9ral, comme faire la vaisselle, prendre une douche et chasse d'eau des toilettes. Il est toutefois essentiel de noter que l\u2019eau des connexion n\u2019est pas potable directement du robinet.<\/p>\n\n\n\n<div class=\"wp-block-uagb-inline-notice uagb-inline_notice__align-left uagb-block-66b22abf\"><button class=\"uagb-notice-close-button\" type=\"button\" aria-label=\"Close\"><\/button><h4 class=\"uagb-notice-title\"><i class=\"fas fa-triangle-exclamation\"><\/i>  Avis important<\/h4><div class=\"uagb-notice-text\">\n<p>Pour obtenir de l'eau potable, nous recommandons aux campeurs d'apporter leur propre r\u00e9serve d'eau potable ou d'acheter de l'eau en bouteille dans les \u00e9piceries locales du March\u00e9 de la Place \u00e0 Wendover ou du D\u00e9panneur L\u00e9ger \u00e0 Plantagenet.&nbsp;<br>\u00c0 L\u2019Oasis de l\u2019\u00c9toile, nous accordons la priorit\u00e9 au bien-\u00eatre de nos campeurs, plaidons pour une utilisation responsable de l\u2019eau et encourageons les campeurs \u00e0 planifier en cons\u00e9quence pour garantir qu\u2019ils disposent d\u2019un approvisionnement suffisant et s\u00fbr en eau potable pendant leur s\u00e9jour.<\/p>\n<\/div><\/div>\n<\/div>\n\n\n\n<div class=\"wp-block-column is-layout-flow wp-block-column-is-layout-flow\" style=\"flex-basis:33.33%\"><\/div>\n<\/div>\n\n\n\n<hr class=\"wp-block-separator has-alpha-channel-opacity is-style-dots\"\/>\n\n\n\n<div class=\"wp-block-columns is-layout-flex wp-container-core-columns-is-layout-28f84493 wp-block-columns-is-layout-flex\">\n<div class=\"wp-block-column is-layout-flow wp-block-column-is-layout-flow\" style=\"flex-basis:66.66%\">\n<h3 class=\"wp-block-heading\" id=\"sanitation\">Hygi\u00e8ne&nbsp;<\/h3>\n\n\n\n<p>Notre connexion septique permet une \u00e9limination sans tracas des d\u00e9chets des r\u00e9servoirs de r\u00e9tention de votre v\u00e9hicule r\u00e9cr\u00e9atif, garantissant une exp\u00e9rience de camping fluide sans avoir \u00e0 vous soucier constamment de vider les r\u00e9servoirs.<\/p>\n\n\n\n<p>En fournissant ces \u00e9quipements essentiels, nous visons \u00e0 rendre votre s\u00e9jour aussi agr\u00e9able et sans stress que possible, vous permettant de vous concentrer \u00e0 cr\u00e9er des souvenirs pr\u00e9cieux au milieu de la beaut\u00e9 de la nature et de la camaraderie des autres campeurs.<\/p>\n<\/div>\n\n\n\n<div class=\"wp-block-column is-layout-flow wp-block-column-is-layout-flow\" style=\"flex-basis:33.33%\"><\/div>\n<\/div>","protected":false},"excerpt":{"rendered":"<p>At L\u2019Oasis de l\u2019\u00c9toile Camping, we understand the importance of convenience and comfort during your camping experience. Swimming pool Enjoy a refreshing escape in our spacious 4-feet deep saltwater swimming pool, perfect for cooling off and relaxing on hot summer days. It features a beautiful patio area where you can bask in the sun or [&hellip;]<\/p>\n","protected":false},"author":2,"featured_media":119,"parent":0,"menu_order":0,"comment_status":"closed","ping_status":"closed","template":"","meta":{"om_disable_all_campaigns":false,"_uag_custom_page_level_css":"","_monsterinsights_skip_tracking":false,"_monsterinsights_sitenote_active":false,"_monsterinsights_sitenote_note":"","_monsterinsights_sitenote_category":0,"_mc_calendar":[],"footnotes":""},"class_list":["post-28","page","type-page","status-publish","has-post-thumbnail","hentry"],"aioseo_notices":[],"uagb_featured_image_src":{"full":["https:\/\/www.loasisdeletoile.com\/wp-content\/uploads\/2023\/10\/IMG_2153-scaled.jpeg",2560,1440,false],"thumbnail":["https:\/\/www.loasisdeletoile.com\/wp-content\/uploads\/2023\/10\/IMG_2153-150x150.jpeg",150,150,true],"medium":["https:\/\/www.loasisdeletoile.com\/wp-content\/uploads\/2023\/10\/IMG_2153-300x169.jpeg",300,169,true],"medium_large":["https:\/\/www.loasisdeletoile.com\/wp-content\/uploads\/2023\/10\/IMG_2153-768x432.jpeg",768,432,true],"large":["https:\/\/www.loasisdeletoile.com\/wp-content\/uploads\/2023\/10\/IMG_2153-1024x576.jpeg",1024,576,true],"1536x1536":["https:\/\/www.loasisdeletoile.com\/wp-content\/uploads\/2023\/10\/IMG_2153-1536x864.jpeg",1536,864,true],"2048x2048":["https:\/\/www.loasisdeletoile.com\/wp-content\/uploads\/2023\/10\/IMG_2153-2048x1152.jpeg",2048,1152,true],"trp-custom-language-flag":["https:\/\/www.loasisdeletoile.com\/wp-content\/uploads\/2023\/10\/IMG_2153-18x10.jpeg",18,10,true]},"uagb_author_info":{"display_name":"L'Oasis de L'\u00c9toile","author_link":"https:\/\/www.loasisdeletoile.com\/fr\/author\/pbrown\/"},"uagb_comment_info":0,"uagb_excerpt":"At L\u2019Oasis de l\u2019\u00c9toile Camping, we understand the importance of convenience and comfort during your camping experience. Swimming pool Enjoy a refreshing escape in our spacious 4-feet deep saltwater swimming pool, perfect for cooling off and relaxing on hot summer days. It features a beautiful patio area where you can bask in the sun or&hellip;","_links":{"self":[{"href":"https:\/\/www.loasisdeletoile.com\/fr\/wp-json\/wp\/v2\/pages\/28","targetHints":{"allow":["GET"]}}],"collection":[{"href":"https:\/\/www.loasisdeletoile.com\/fr\/wp-json\/wp\/v2\/pages"}],"about":[{"href":"https:\/\/www.loasisdeletoile.com\/fr\/wp-json\/wp\/v2\/types\/page"}],"author":[{"embeddable":true,"href":"https:\/\/www.loasisdeletoile.com\/fr\/wp-json\/wp\/v2\/users\/2"}],"replies":[{"embeddable":true,"href":"https:\/\/www.loasisdeletoile.com\/fr\/wp-json\/wp\/v2\/comments?post=28"}],"version-history":[{"count":9,"href":"https:\/\/www.loasisdeletoile.com\/fr\/wp-json\/wp\/v2\/pages\/28\/revisions"}],"predecessor-version":[{"id":407,"href":"https:\/\/www.loasisdeletoile.com\/fr\/wp-json\/wp\/v2\/pages\/28\/revisions\/407"}],"wp:featuredmedia":[{"embeddable":true,"href":"https:\/\/www.loasisdeletoile.com\/fr\/wp-json\/wp\/v2\/media\/119"}],"wp:attachment":[{"href":"https:\/\/www.loasisdeletoile.com\/fr\/wp-json\/wp\/v2\/media?parent=28"}],"curies":[{"name":"wp","href":"https:\/\/api.w.org\/{rel}","templated":true}]}}