{"id":26,"date":"2023-10-02T00:26:45","date_gmt":"2023-10-02T00:26:45","guid":{"rendered":"https:\/\/www.loasisdeletoile.com\/?page_id=26"},"modified":"2026-05-03T16:56:33","modified_gmt":"2026-05-03T20:56:33","slug":"activities","status":"publish","type":"page","link":"https:\/\/www.loasisdeletoile.com\/fr\/activities\/","title":{"rendered":"Activit\u00e9s"},"content":{"rendered":"<div class=\"wp-block-columns is-layout-flex wp-container-core-columns-is-layout-28f84493 wp-block-columns-is-layout-flex\">\n<div class=\"wp-block-column is-layout-flow wp-block-column-is-layout-flow\" style=\"flex-basis:66.66%\">\n<h3 class=\"wp-block-heading\" id=\"community\">Centre communautaire<\/h3>\n\n\n\n<p>Au c\u0153ur de notre camping se trouve le centre communautaire, o\u00f9 les campeurs se rassemblent pour s'adonner \u00e0 des comp\u00e9titions amicales et \u00e0 la camaraderie. Participez \u00e0 une partie de fl\u00e9chettes anim\u00e9e, d\u00e9fiez vos camarades de camp aux cartes ou participez \u00e0 diverses autres activit\u00e9s r\u00e9cr\u00e9atives qui cr\u00e9ent des souvenirs imp\u00e9rissables et forgent de nouvelles amiti\u00e9s.<\/p>\n\n\n\n<h3 class=\"wp-block-heading\">Environs<\/h3>\n\n\n\n<p>De nombreuses entreprises de la r\u00e9gion sont orient\u00e9es vers la sant\u00e9, le bien-\u00eatre et les activit\u00e9s de plein air.<\/p>\n<\/div>\n\n\n\n<div class=\"wp-block-column is-layout-flow wp-block-column-is-layout-flow\" style=\"flex-basis:33.33%\"><\/div>\n<\/div>\n\n\n\n<div class=\"wp-block-group has-background is-nowrap is-layout-flex wp-container-core-group-is-layout-696edc6e wp-block-group-is-layout-flex\" style=\"border-radius:10px;background-color:#eeeeee;margin-top:var(--wp--preset--spacing--50);margin-bottom:var(--wp--preset--spacing--50);padding-top:var(--wp--preset--spacing--50);padding-right:var(--wp--preset--spacing--50);padding-bottom:var(--wp--preset--spacing--50);padding-left:var(--wp--preset--spacing--50)\">\n<div class=\"wp-block-columns is-layout-flex wp-container-core-columns-is-layout-28f84493 wp-block-columns-is-layout-flex\">\n<div class=\"wp-block-column is-layout-flow wp-block-column-is-layout-flow\" style=\"flex-basis:66.66%\">\n<h4 class=\"wp-block-heading\">Zone de conservation de Jessup's Falls<\/h4>\n\n\n\n<p>Adjacent \u00e0 notre site de camping se trouve la <a href=\"https:\/\/www.nation.on.ca\/fr\/loisirs\/mise--leau-des-bateaux\/aire-de-conservation-jessups-falls-plantagenet-ontario\">zone de conservation de Jessup's Falls (en anglais seulement)<\/a> qui offre une \u00e9vasion d\u00e9licieuse avec son cadre pittoresque. Vous pouvez profiter de l'abondance de tables de pique-nique, parfaites pour savourer un d\u00e9licieux repas au milieu de la splendeur naturelle. Qu'il s'agisse d'une r\u00e9union de famille, d'un d\u00e9jeuner romantique ou simplement d'un moment de tranquillit\u00e9, ces aires de pique-nique offrent le cadre id\u00e9al pour une exp\u00e9rience culinaire en plein air m\u00e9morable.<\/p>\n\n\n\n<p>Pour ceux qui souhaitent explorer les eaux sereines, la zone de conservation dispose \u00e9galement d'une rampe pour bateau et d'un quai pratique. Embarquez sur les eaux scintillantes, naviguez au bord de la rivi\u00e8re ou offrez-vous une journ\u00e9e de p\u00eache, le tout \u00e0 quelques pas de votre camping.<\/p>\n\n\n\n<div class=\"wp-block-buttons is-layout-flex wp-block-buttons-is-layout-flex\">\n<div class=\"wp-block-button\"><a class=\"wp-block-button__link wp-element-button\" href=\"https:\/\/jessupsfallsfr.wordpress.com\/\">En savoir plus sur l\u2019histoire de Jessup's Falls<\/a><\/div>\n<\/div>\n<\/div>\n\n\n\n<div class=\"wp-block-column is-layout-flow wp-block-column-is-layout-flow\" style=\"flex-basis:33.33%\">\n<figure class=\"wp-block-image size-large\"><img loading=\"lazy\" decoding=\"async\" width=\"1024\" height=\"340\" src=\"https:\/\/www.loasisdeletoile.com\/wp-content\/uploads\/2023\/09\/logo_jessupsfalls-1024x340.png\" alt=\"\" class=\"wp-image-53\" srcset=\"https:\/\/www.loasisdeletoile.com\/wp-content\/uploads\/2023\/09\/logo_jessupsfalls-1024x340.png 1024w, https:\/\/www.loasisdeletoile.com\/wp-content\/uploads\/2023\/09\/logo_jessupsfalls-300x100.png 300w, https:\/\/www.loasisdeletoile.com\/wp-content\/uploads\/2023\/09\/logo_jessupsfalls-768x255.png 768w, https:\/\/www.loasisdeletoile.com\/wp-content\/uploads\/2023\/09\/logo_jessupsfalls-18x6.png 18w, https:\/\/www.loasisdeletoile.com\/wp-content\/uploads\/2023\/09\/logo_jessupsfalls.png 1288w\" sizes=\"auto, (max-width: 1024px) 100vw, 1024px\" \/><\/figure>\n<\/div>\n<\/div>\n<\/div>\n\n\n\n<div class=\"wp-block-columns is-layout-flex wp-container-core-columns-is-layout-28f84493 wp-block-columns-is-layout-flex\">\n<div class=\"wp-block-column is-layout-flow wp-block-column-is-layout-flow\">\n<figure class=\"wp-block-image size-large\"><img loading=\"lazy\" decoding=\"async\" width=\"1024\" height=\"340\" src=\"https:\/\/www.loasisdeletoile.com\/wp-content\/uploads\/2023\/09\/logo_papanackzoo-1024x340.png\" alt=\"\" class=\"wp-image-56\" srcset=\"https:\/\/www.loasisdeletoile.com\/wp-content\/uploads\/2023\/09\/logo_papanackzoo-1024x340.png 1024w, https:\/\/www.loasisdeletoile.com\/wp-content\/uploads\/2023\/09\/logo_papanackzoo-300x100.png 300w, https:\/\/www.loasisdeletoile.com\/wp-content\/uploads\/2023\/09\/logo_papanackzoo-768x255.png 768w, https:\/\/www.loasisdeletoile.com\/wp-content\/uploads\/2023\/09\/logo_papanackzoo-18x6.png 18w, https:\/\/www.loasisdeletoile.com\/wp-content\/uploads\/2023\/09\/logo_papanackzoo.png 1288w\" sizes=\"auto, (max-width: 1024px) 100vw, 1024px\" \/><\/figure>\n\n\n\n<h4 class=\"wp-block-heading\"><a href=\"https:\/\/www.facebook.com\/papanackparkzoo\/\">Zoo Papanack<\/a><\/h4>\n\n\n\n<p><i class=\"fas fa-location-dot\"><\/i> <a href=\"https:\/\/goo.gl\/maps\/NXLzazTbnfYTp1oY9\">6,3 km du camping<\/a>.<\/p>\n\n\n\n<p>Le zoo Parc Papanack est un petit zoo situ\u00e9 \u00e0 Wendover, Ontario, Canada. Il a ouvert ses portes en 1994 et a chang\u00e9 de propri\u00e9taire en 2014 avec l'intention d'agir comme un parc de conservation.<\/p>\n<\/div>\n\n\n\n<div class=\"wp-block-column is-layout-flow wp-block-column-is-layout-flow\">\n<figure class=\"wp-block-image size-large\"><img loading=\"lazy\" decoding=\"async\" width=\"1024\" height=\"340\" src=\"https:\/\/www.loasisdeletoile.com\/wp-content\/uploads\/2023\/09\/logo_mariposa-1024x340.png\" alt=\"\" class=\"wp-image-54\" srcset=\"https:\/\/www.loasisdeletoile.com\/wp-content\/uploads\/2023\/09\/logo_mariposa-1024x340.png 1024w, https:\/\/www.loasisdeletoile.com\/wp-content\/uploads\/2023\/09\/logo_mariposa-300x100.png 300w, https:\/\/www.loasisdeletoile.com\/wp-content\/uploads\/2023\/09\/logo_mariposa-768x255.png 768w, https:\/\/www.loasisdeletoile.com\/wp-content\/uploads\/2023\/09\/logo_mariposa-18x6.png 18w, https:\/\/www.loasisdeletoile.com\/wp-content\/uploads\/2023\/09\/logo_mariposa.png 1288w\" sizes=\"auto, (max-width: 1024px) 100vw, 1024px\" \/><\/figure>\n\n\n\n<h4 class=\"wp-block-heading\" style=\"line-height:1.3\"><a href=\"http:\/\/mariposa-duck.on.ca\/fr\/\">Ferme Mariposa<\/a><\/h4>\n\n\n\n<p><i class=\"fas fa-location-dot\"><\/i> <a href=\"https:\/\/goo.gl\/maps\/DEQAyzBdCqTQWXKH6\">2,4 km du camping<\/a>.<\/p>\n\n\n\n<p>Les gens s\u2019int\u00e9ressent de plus en plus \u00e0 l\u2019endroit o\u00f9 leurs aliments sont cultiv\u00e9s. Ils accueillent les visiteurs \u00e0 la ferme et proposent \u00e9galement des locations de chalets uniques pour les nuit\u00e9es.<\/p>\n\n\n\n<p>Mariposa a un magasin \u00e0 la ferme ouvert le samedi. La ferme propose \u00e9galement des cueillettes en bordure de rue et des livraisons \u00e0 domicile.<\/p>\n<\/div>\n<\/div>\n\n\n\n<hr class=\"wp-block-separator has-alpha-channel-opacity is-style-dots\"\/>\n\n\n\n<h4 class=\"wp-block-heading\">Bien-\u00eatre<\/h4>\n\n\n\n<div class=\"wp-block-columns is-layout-flex wp-container-core-columns-is-layout-28f84493 wp-block-columns-is-layout-flex\">\n<div class=\"wp-block-column is-layout-flow wp-block-column-is-layout-flow\">\n<figure class=\"wp-block-image size-large\"><img loading=\"lazy\" decoding=\"async\" width=\"1024\" height=\"340\" src=\"https:\/\/www.loasisdeletoile.com\/wp-content\/uploads\/2023\/09\/logo_null-1024x340.png\" alt=\"\" class=\"wp-image-55\" srcset=\"https:\/\/www.loasisdeletoile.com\/wp-content\/uploads\/2023\/09\/logo_null-1024x340.png 1024w, https:\/\/www.loasisdeletoile.com\/wp-content\/uploads\/2023\/09\/logo_null-300x100.png 300w, https:\/\/www.loasisdeletoile.com\/wp-content\/uploads\/2023\/09\/logo_null-768x255.png 768w, https:\/\/www.loasisdeletoile.com\/wp-content\/uploads\/2023\/09\/logo_null-18x6.png 18w, https:\/\/www.loasisdeletoile.com\/wp-content\/uploads\/2023\/09\/logo_null.png 1288w\" sizes=\"auto, (max-width: 1024px) 100vw, 1024px\" \/><\/figure>\n\n\n\n<h4 class=\"wp-block-heading\" style=\"line-height:1.3\"><a href=\"http:\/\/www.centredelamour.com\/\">Centre de l\u2019amour<\/a><\/h4>\n\n\n\n<p><i class=\"fas fa-location-dot\"><\/i> <a href=\"https:\/\/goo.gl\/maps\/XXdabUGiJzwbwqVy5\">En face du camping<\/a><\/p>\n\n\n\n<p>Une retraite spirituelle catholique \u00e0 but non lucratif accueillant des p\u00e8lerins, des voyageurs, des amis et des t\u00e9moins de l'amour de J\u00e9sus et de sa Divine Mis\u00e9ricorde. Venez c\u00e9l\u00e9brer, d\u00e9couvrir et exp\u00e9rimenter l'amour et la mis\u00e9ricorde du Christ dans une atmosph\u00e8re de partage, de joie et de paix.<\/p>\n<\/div>\n\n\n\n<div class=\"wp-block-column is-layout-flow wp-block-column-is-layout-flow\"><\/div>\n<\/div>\n\n\n\n<hr class=\"wp-block-separator has-alpha-channel-opacity is-style-dots\"\/>\n\n\n\n<h4 class=\"wp-block-heading\">Restaurants<\/h4>\n\n\n\n<p>Vous n'avez pas envie de cuisiner ou vous \u00eates \u00e0 court de propane pour votre barbecue ? Pourquoi ne pas plut\u00f4t explorer les offres des restaurants locaux ?<\/p>\n\n\n\n<div class=\"wp-block-columns is-layout-flex wp-container-core-columns-is-layout-28f84493 wp-block-columns-is-layout-flex\">\n<div class=\"wp-block-column is-layout-flow wp-block-column-is-layout-flow\">\n<figure class=\"wp-block-image size-large\"><img loading=\"lazy\" decoding=\"async\" width=\"1024\" height=\"340\" src=\"https:\/\/www.loasisdeletoile.com\/wp-content\/uploads\/2023\/09\/logo_patatipatata-1024x340.png\" alt=\"\" class=\"wp-image-57\" srcset=\"https:\/\/www.loasisdeletoile.com\/wp-content\/uploads\/2023\/09\/logo_patatipatata-1024x340.png 1024w, https:\/\/www.loasisdeletoile.com\/wp-content\/uploads\/2023\/09\/logo_patatipatata-300x100.png 300w, https:\/\/www.loasisdeletoile.com\/wp-content\/uploads\/2023\/09\/logo_patatipatata-768x255.png 768w, https:\/\/www.loasisdeletoile.com\/wp-content\/uploads\/2023\/09\/logo_patatipatata-18x6.png 18w, https:\/\/www.loasisdeletoile.com\/wp-content\/uploads\/2023\/09\/logo_patatipatata.png 1288w\" sizes=\"auto, (max-width: 1024px) 100vw, 1024px\" \/><\/figure>\n\n\n\n<h4 class=\"wp-block-heading\"><a href=\"https:\/\/www.facebook.com\/Patati-Patata-447332445440141\/\">Patati-Patata et bar laitier<\/a><\/h4>\n\n\n\n<p><i class=\"fas fa-location-dot\"><\/i> <a href=\"https:\/\/goo.gl\/maps\/yNEZq9gkif3oFzkx9\">7,1 km du camping<\/a>.<\/p>\n\n\n\n<p>Un charmant havre de restauration rapide qui offre une gamme vari\u00e9e d'options de restauration, garantissant qu'il y en a pour tous les go\u00fbts. D\u00eenez sur place en utilisant les si\u00e8ges ext\u00e9rieurs disponibles sous une grande tente ombrag\u00e9e ou \u00e0 emporter. Et pour les chaudes journ\u00e9es d'\u00e9t\u00e9, laissez-vous tenter par leur d\u00e9licieuse s\u00e9lection de glaces, ajoutant une touche sucr\u00e9e \u00e0 votre repas.<\/p>\n<\/div>\n\n\n\n<div class=\"wp-block-column is-layout-flow wp-block-column-is-layout-flow\">\n<figure class=\"wp-block-image size-large\"><img loading=\"lazy\" decoding=\"async\" width=\"1024\" height=\"340\" src=\"https:\/\/www.loasisdeletoile.com\/wp-content\/uploads\/2026\/05\/logo_jumbo-1024x340.png\" alt=\"\" class=\"wp-image-763\" srcset=\"https:\/\/www.loasisdeletoile.com\/wp-content\/uploads\/2026\/05\/logo_jumbo-1024x340.png 1024w, https:\/\/www.loasisdeletoile.com\/wp-content\/uploads\/2026\/05\/logo_jumbo-300x100.png 300w, https:\/\/www.loasisdeletoile.com\/wp-content\/uploads\/2026\/05\/logo_jumbo-768x255.png 768w, https:\/\/www.loasisdeletoile.com\/wp-content\/uploads\/2026\/05\/logo_jumbo-18x6.png 18w, https:\/\/www.loasisdeletoile.com\/wp-content\/uploads\/2026\/05\/logo_jumbo.png 1288w\" sizes=\"auto, (max-width: 1024px) 100vw, 1024px\" \/><\/figure>\n\n\n\n<h4 class=\"wp-block-heading\"><a href=\"https:\/\/www.facebook.com\/Restaurant-Familial-de-Wendover-290276654734596\">Jumbo Pizza<\/a><\/h4>\n\n\n\n<p><i class=\"fas fa-location-dot\"><\/i> <a href=\"https:\/\/maps.app.goo.gl\/WG4q1WGXZrv5nj7r8\" title=\"\">20,7 km du camping<\/a>.<\/p>\n\n\n\n<p>Jumbo Pizza \u00e0 Rockland propose un large choix de d\u00e9licieuses pizzas pr\u00e9par\u00e9es avec des ingr\u00e9dients frais et une vari\u00e9t\u00e9 de garnitures pour satisfaire tous les palais. Laissez-les s'occuper de la livraison, m\u00eame au camping !<\/p>\n<\/div>\n<\/div>\n\n\n\n<div class=\"wp-block-columns is-layout-flex wp-container-core-columns-is-layout-28f84493 wp-block-columns-is-layout-flex\">\n<div class=\"wp-block-column is-layout-flow wp-block-column-is-layout-flow\">\n<figure class=\"wp-block-image size-large\"><img loading=\"lazy\" decoding=\"async\" width=\"1024\" height=\"340\" src=\"https:\/\/www.loasisdeletoile.com\/wp-content\/uploads\/2023\/09\/logo_place1976-1024x340.png\" alt=\"\" class=\"wp-image-58\" srcset=\"https:\/\/www.loasisdeletoile.com\/wp-content\/uploads\/2023\/09\/logo_place1976-1024x340.png 1024w, https:\/\/www.loasisdeletoile.com\/wp-content\/uploads\/2023\/09\/logo_place1976-300x100.png 300w, https:\/\/www.loasisdeletoile.com\/wp-content\/uploads\/2023\/09\/logo_place1976-768x255.png 768w, https:\/\/www.loasisdeletoile.com\/wp-content\/uploads\/2023\/09\/logo_place1976-18x6.png 18w, https:\/\/www.loasisdeletoile.com\/wp-content\/uploads\/2023\/09\/logo_place1976.png 1288w\" sizes=\"auto, (max-width: 1024px) 100vw, 1024px\" \/><\/figure>\n\n\n\n<h4 class=\"wp-block-heading\"><a href=\"https:\/\/www.place19-67.ca\/\">Restaurant Place 19-67 Motel<\/a><\/h4>\n\n\n\n<p><i class=\"fas fa-location-dot\"><\/i> <a href=\"https:\/\/goo.gl\/maps\/h5EB4STzZnYrkeDo9\">6,2 km du camping<\/a>.<\/p>\n\n\n\n<p>Que vous commenciez ou terminiez votre journ\u00e9e, essayez ce restaurant familial. Ils servent le petit-d\u00e9jeuner, le d\u00eener et le souper.<\/p>\n<\/div>\n\n\n\n<div class=\"wp-block-column is-layout-flow wp-block-column-is-layout-flow\">\n<figure class=\"wp-block-image size-large\"><img loading=\"lazy\" decoding=\"async\" width=\"1024\" height=\"340\" src=\"https:\/\/www.loasisdeletoile.com\/wp-content\/uploads\/2023\/09\/logo_surlarive-1024x340.png\" alt=\"\" class=\"wp-image-59\" srcset=\"https:\/\/www.loasisdeletoile.com\/wp-content\/uploads\/2023\/09\/logo_surlarive-1024x340.png 1024w, https:\/\/www.loasisdeletoile.com\/wp-content\/uploads\/2023\/09\/logo_surlarive-300x100.png 300w, https:\/\/www.loasisdeletoile.com\/wp-content\/uploads\/2023\/09\/logo_surlarive-768x255.png 768w, https:\/\/www.loasisdeletoile.com\/wp-content\/uploads\/2023\/09\/logo_surlarive-18x6.png 18w, https:\/\/www.loasisdeletoile.com\/wp-content\/uploads\/2023\/09\/logo_surlarive.png 1288w\" sizes=\"auto, (max-width: 1024px) 100vw, 1024px\" \/><\/figure>\n\n\n\n<h4 class=\"wp-block-heading\"><a href=\"https:\/\/cafesurlarive.ca\/\" title=\"\">Caf\u00e9 Sur la rive<\/a><\/h4>\n\n\n\n<p><i class=\"fas fa-location-dot\"><\/i> <a href=\"https:\/\/goo.gl\/maps\/uwMUQ8AzCFez9HRb8\">7,3 km du camping<\/a>.<\/p>\n\n\n\n<p>Repas et gourmandises propos\u00e9s sur place : soupe du jour, sandwichs vari\u00e9s, vari\u00e9t\u00e9s de salades, biscuits, etc. Des options v\u00e9g\u00e9taliennes et sans gluten sont \u00e9galement disponibles.<\/p>\n\n\n\n<p>Pour les chaudes journ\u00e9es d'\u00e9t\u00e9, profitez du Gelato de Nonna. C'est plus qu'une marque, c'est une exp\u00e9rience gustative italienne \u00e0 chaque bouch\u00e9e.<\/p>\n<\/div>\n<\/div>","protected":false},"excerpt":{"rendered":"<p>Community Center At the heart of our campsite lies the vibrant community center, where campers gather to indulge in friendly competitions and camaraderie. Engage in a spirited game of darts, challenge your fellow campers to cards, or participate in various other recreational activities that create lasting memories and forge new friendships. Surrounding Area Many businesses [&hellip;]<\/p>\n","protected":false},"author":2,"featured_media":143,"parent":0,"menu_order":0,"comment_status":"closed","ping_status":"closed","template":"","meta":{"om_disable_all_campaigns":false,"_uag_custom_page_level_css":"","_monsterinsights_skip_tracking":false,"_monsterinsights_sitenote_active":false,"_monsterinsights_sitenote_note":"","_monsterinsights_sitenote_category":0,"_mc_calendar":[],"footnotes":""},"class_list":["post-26","page","type-page","status-publish","has-post-thumbnail","hentry"],"aioseo_notices":[],"uagb_featured_image_src":{"full":["https:\/\/www.loasisdeletoile.com\/wp-content\/uploads\/2023\/10\/IMG_2551-scaled.jpeg",2560,1920,false],"thumbnail":["https:\/\/www.loasisdeletoile.com\/wp-content\/uploads\/2023\/10\/IMG_2551-150x150.jpeg",150,150,true],"medium":["https:\/\/www.loasisdeletoile.com\/wp-content\/uploads\/2023\/10\/IMG_2551-300x225.jpeg",300,225,true],"medium_large":["https:\/\/www.loasisdeletoile.com\/wp-content\/uploads\/2023\/10\/IMG_2551-768x576.jpeg",768,576,true],"large":["https:\/\/www.loasisdeletoile.com\/wp-content\/uploads\/2023\/10\/IMG_2551-1024x768.jpeg",1024,768,true],"1536x1536":["https:\/\/www.loasisdeletoile.com\/wp-content\/uploads\/2023\/10\/IMG_2551-1536x1152.jpeg",1536,1152,true],"2048x2048":["https:\/\/www.loasisdeletoile.com\/wp-content\/uploads\/2023\/10\/IMG_2551-2048x1536.jpeg",2048,1536,true],"trp-custom-language-flag":["https:\/\/www.loasisdeletoile.com\/wp-content\/uploads\/2023\/10\/IMG_2551-16x12.jpeg",16,12,true]},"uagb_author_info":{"display_name":"L'Oasis de L'\u00c9toile","author_link":"https:\/\/www.loasisdeletoile.com\/fr\/author\/pbrown\/"},"uagb_comment_info":0,"uagb_excerpt":"Community Center At the heart of our campsite lies the vibrant community center, where campers gather to indulge in friendly competitions and camaraderie. Engage in a spirited game of darts, challenge your fellow campers to cards, or participate in various other recreational activities that create lasting memories and forge new friendships. Surrounding Area Many businesses&hellip;","_links":{"self":[{"href":"https:\/\/www.loasisdeletoile.com\/fr\/wp-json\/wp\/v2\/pages\/26","targetHints":{"allow":["GET"]}}],"collection":[{"href":"https:\/\/www.loasisdeletoile.com\/fr\/wp-json\/wp\/v2\/pages"}],"about":[{"href":"https:\/\/www.loasisdeletoile.com\/fr\/wp-json\/wp\/v2\/types\/page"}],"author":[{"embeddable":true,"href":"https:\/\/www.loasisdeletoile.com\/fr\/wp-json\/wp\/v2\/users\/2"}],"replies":[{"embeddable":true,"href":"https:\/\/www.loasisdeletoile.com\/fr\/wp-json\/wp\/v2\/comments?post=26"}],"version-history":[{"count":10,"href":"https:\/\/www.loasisdeletoile.com\/fr\/wp-json\/wp\/v2\/pages\/26\/revisions"}],"predecessor-version":[{"id":765,"href":"https:\/\/www.loasisdeletoile.com\/fr\/wp-json\/wp\/v2\/pages\/26\/revisions\/765"}],"wp:featuredmedia":[{"embeddable":true,"href":"https:\/\/www.loasisdeletoile.com\/fr\/wp-json\/wp\/v2\/media\/143"}],"wp:attachment":[{"href":"https:\/\/www.loasisdeletoile.com\/fr\/wp-json\/wp\/v2\/media?parent=26"}],"curies":[{"name":"wp","href":"https:\/\/api.w.org\/{rel}","templated":true}]}}