{"id":187,"date":"2023-10-02T19:03:34","date_gmt":"2023-10-02T19:03:34","guid":{"rendered":"https:\/\/www.loasisdeletoile.com\/?page_id=187"},"modified":"2026-05-03T17:11:32","modified_gmt":"2026-05-03T21:11:32","slug":"faq","status":"publish","type":"page","link":"https:\/\/www.loasisdeletoile.com\/fr\/faq\/","title":{"rendered":"Foire aux questions"},"content":{"rendered":"<p>Ces FAQ fournissent des informations essentielles aux campeurs potentiels et contribuent \u00e0 garantir une exp\u00e9rience de camping fluide et agr\u00e9able.<\/p>\n\n\n\n<details class=\"wp-block-details is-layout-flow wp-block-details-is-layout-flow\"><summary><strong>Quels types d'h\u00e9bergement de camping offrez-vous (emplacements pour tentes, connexion pour v\u00e9hicule r\u00e9cr\u00e9atif, chalets, etc.) ?<\/strong><\/summary>\n<p>L\u2019Oasis de l'\u00c9toile est un camping saisonnier pour v\u00e9hicules r\u00e9cr\u00e9atifs (VR) seulement. Les VR suivants sont accept\u00e9s sur le camping.<\/p>\n\n\n\n<ul class=\"wp-block-list\">\n<li>V\u00e9hicule r\u00e9cr\u00e9atif remarquables tels que caravanes de voyage, caravanes \u00e0 sellette<\/li>\n\n\n\n<li>Mod\u00e8le de parc<\/li>\n<\/ul>\n\n\n\n<div class=\"wp-block-columns is-layout-flex wp-container-core-columns-is-layout-28f84493 wp-block-columns-is-layout-flex\">\n<div class=\"wp-block-column is-layout-flow wp-block-column-is-layout-flow\">\n<figure class=\"wp-block-image size-large\"><img loading=\"lazy\" decoding=\"async\" width=\"1024\" height=\"340\" src=\"https:\/\/www.loasisdeletoile.com\/wp-content\/uploads\/2023\/09\/camping_hybrid-1024x340.png\" alt=\"Example of a hybrid trailer\" class=\"wp-image-44\" srcset=\"https:\/\/www.loasisdeletoile.com\/wp-content\/uploads\/2023\/09\/camping_hybrid-1024x340.png 1024w, https:\/\/www.loasisdeletoile.com\/wp-content\/uploads\/2023\/09\/camping_hybrid-300x100.png 300w, https:\/\/www.loasisdeletoile.com\/wp-content\/uploads\/2023\/09\/camping_hybrid-768x255.png 768w, https:\/\/www.loasisdeletoile.com\/wp-content\/uploads\/2023\/09\/camping_hybrid-18x6.png 18w, https:\/\/www.loasisdeletoile.com\/wp-content\/uploads\/2023\/09\/camping_hybrid.png 1288w\" sizes=\"auto, (max-width: 1024px) 100vw, 1024px\" \/><\/figure>\n\n\n\n<p>Hybride<\/p>\n<\/div>\n\n\n\n<div class=\"wp-block-column is-layout-flow wp-block-column-is-layout-flow\">\n<figure class=\"wp-block-image size-large is-resized\"><img loading=\"lazy\" decoding=\"async\" width=\"1024\" height=\"340\" src=\"https:\/\/www.loasisdeletoile.com\/wp-content\/uploads\/2023\/09\/camping_traveltrailer-1024x340.png\" alt=\"Example of a travel trailer\" class=\"wp-image-52\" style=\"width:488px;height:162px\" srcset=\"https:\/\/www.loasisdeletoile.com\/wp-content\/uploads\/2023\/09\/camping_traveltrailer-1024x340.png 1024w, https:\/\/www.loasisdeletoile.com\/wp-content\/uploads\/2023\/09\/camping_traveltrailer-300x100.png 300w, https:\/\/www.loasisdeletoile.com\/wp-content\/uploads\/2023\/09\/camping_traveltrailer-768x255.png 768w, https:\/\/www.loasisdeletoile.com\/wp-content\/uploads\/2023\/09\/camping_traveltrailer-18x6.png 18w, https:\/\/www.loasisdeletoile.com\/wp-content\/uploads\/2023\/09\/camping_traveltrailer.png 1288w\" sizes=\"auto, (max-width: 1024px) 100vw, 1024px\" \/><\/figure>\n\n\n\n<p>Caravanes de voyage<\/p>\n<\/div>\n<\/div>\n\n\n\n<div class=\"wp-block-columns is-layout-flex wp-container-core-columns-is-layout-28f84493 wp-block-columns-is-layout-flex\">\n<div class=\"wp-block-column is-layout-flow wp-block-column-is-layout-flow\">\n<figure class=\"wp-block-image size-large is-resized\"><img loading=\"lazy\" decoding=\"async\" width=\"1024\" height=\"340\" src=\"https:\/\/www.loasisdeletoile.com\/wp-content\/uploads\/2023\/09\/camping_fifthwheel-1024x340.png\" alt=\"Example of a fifth wheel trailer\" class=\"wp-image-43\" style=\"width:491px;height:163px\" srcset=\"https:\/\/www.loasisdeletoile.com\/wp-content\/uploads\/2023\/09\/camping_fifthwheel-1024x340.png 1024w, https:\/\/www.loasisdeletoile.com\/wp-content\/uploads\/2023\/09\/camping_fifthwheel-300x100.png 300w, https:\/\/www.loasisdeletoile.com\/wp-content\/uploads\/2023\/09\/camping_fifthwheel-768x255.png 768w, https:\/\/www.loasisdeletoile.com\/wp-content\/uploads\/2023\/09\/camping_fifthwheel-18x6.png 18w, https:\/\/www.loasisdeletoile.com\/wp-content\/uploads\/2023\/09\/camping_fifthwheel.png 1288w\" sizes=\"auto, (max-width: 1024px) 100vw, 1024px\" \/><\/figure>\n\n\n\n<p>Caravanes \u00e0 sellette<\/p>\n<\/div>\n\n\n\n<div class=\"wp-block-column is-layout-flow wp-block-column-is-layout-flow\">\n<figure class=\"wp-block-image size-large\"><img loading=\"lazy\" decoding=\"async\" width=\"1024\" height=\"340\" src=\"https:\/\/www.loasisdeletoile.com\/wp-content\/uploads\/2023\/09\/camping_parkmodel-1024x340.png\" alt=\"Example of a park model trailer\" class=\"wp-image-49\" srcset=\"https:\/\/www.loasisdeletoile.com\/wp-content\/uploads\/2023\/09\/camping_parkmodel-1024x340.png 1024w, https:\/\/www.loasisdeletoile.com\/wp-content\/uploads\/2023\/09\/camping_parkmodel-300x100.png 300w, https:\/\/www.loasisdeletoile.com\/wp-content\/uploads\/2023\/09\/camping_parkmodel-768x255.png 768w, https:\/\/www.loasisdeletoile.com\/wp-content\/uploads\/2023\/09\/camping_parkmodel-18x6.png 18w, https:\/\/www.loasisdeletoile.com\/wp-content\/uploads\/2023\/09\/camping_parkmodel.png 1288w\" sizes=\"auto, (max-width: 1024px) 100vw, 1024px\" \/><\/figure>\n\n\n\n<p>Mod\u00e8le de parc<\/p>\n<\/div>\n<\/div>\n\n\n\n<p>Pour des raisons environnementales, nous ne permettons pas les v\u00e9hicules r\u00e9cr\u00e9atifs motoris\u00e9s tels que les v\u00e9hicules r\u00e9cr\u00e9atifs de classe A et C.<\/p>\n\n\n\n<div class=\"wp-block-columns is-layout-flex wp-container-core-columns-is-layout-28f84493 wp-block-columns-is-layout-flex\">\n<div class=\"wp-block-column is-layout-flow wp-block-column-is-layout-flow\">\n<figure class=\"wp-block-image size-large\"><img loading=\"lazy\" decoding=\"async\" width=\"1024\" height=\"340\" src=\"https:\/\/www.loasisdeletoile.com\/wp-content\/uploads\/2023\/09\/camping_rvclassC-1024x340.png\" alt=\"Example of a class C motorhome\" class=\"wp-image-51\" srcset=\"https:\/\/www.loasisdeletoile.com\/wp-content\/uploads\/2023\/09\/camping_rvclassC-1024x340.png 1024w, https:\/\/www.loasisdeletoile.com\/wp-content\/uploads\/2023\/09\/camping_rvclassC-300x100.png 300w, https:\/\/www.loasisdeletoile.com\/wp-content\/uploads\/2023\/09\/camping_rvclassC-768x255.png 768w, https:\/\/www.loasisdeletoile.com\/wp-content\/uploads\/2023\/09\/camping_rvclassC-18x6.png 18w, https:\/\/www.loasisdeletoile.com\/wp-content\/uploads\/2023\/09\/camping_rvclassC.png 1288w\" sizes=\"auto, (max-width: 1024px) 100vw, 1024px\" \/><\/figure>\n\n\n\n<p>V\u00e9hicules r\u00e9cr\u00e9atifs de classe A<\/p>\n<\/div>\n\n\n\n<div class=\"wp-block-column is-layout-flow wp-block-column-is-layout-flow\">\n<figure class=\"wp-block-image size-large\"><img loading=\"lazy\" decoding=\"async\" width=\"1024\" height=\"340\" src=\"https:\/\/www.loasisdeletoile.com\/wp-content\/uploads\/2023\/09\/camping_rvclassA-1024x340.png\" alt=\"Example of a class A motorhome\" class=\"wp-image-50\" srcset=\"https:\/\/www.loasisdeletoile.com\/wp-content\/uploads\/2023\/09\/camping_rvclassA-1024x340.png 1024w, https:\/\/www.loasisdeletoile.com\/wp-content\/uploads\/2023\/09\/camping_rvclassA-300x100.png 300w, https:\/\/www.loasisdeletoile.com\/wp-content\/uploads\/2023\/09\/camping_rvclassA-768x255.png 768w, https:\/\/www.loasisdeletoile.com\/wp-content\/uploads\/2023\/09\/camping_rvclassA-18x6.png 18w, https:\/\/www.loasisdeletoile.com\/wp-content\/uploads\/2023\/09\/camping_rvclassA.png 1288w\" sizes=\"auto, (max-width: 1024px) 100vw, 1024px\" \/><\/figure>\n\n\n\n<p>V\u00e9hicules r\u00e9cr\u00e9atifs de classe C<\/p>\n<\/div>\n<\/div>\n<\/details>\n\n\n\n<details class=\"wp-block-details is-layout-flow wp-block-details-is-layout-flow\"><summary><strong>Les animaux sont-ils permis au camping ?<\/strong><\/summary>\n<p>Oui. Un maximum de deux (2) animaux domestiques sont autoris\u00e9s par lot. Les animaux doivent \u00eatre sur une laisse en tout temps, m\u00eame lorsqu'ils sont sur votre terrain. Consultez les <a href=\"https:\/\/www.loasisdeletoile.com\/fr\/terms-and-conditions\/\" title=\"Termes et conditions\">Termes et conditions pour les animaux de compagnie<\/a> our plus d'informations.<\/p>\n<\/details>\n\n\n\n<details class=\"wp-block-details is-layout-flow wp-block-details-is-layout-flow\"><summary><strong>Y a-t-il un magasin de camping ou une \u00e9picerie \u00e0 proximit\u00e9 ?<\/strong><\/summary>\n<p>Il n'y a pas de magasins sur le camping cependant il y a deux \u00e9piceries \u00e0 proximit\u00e9.&nbsp;<\/p>\n\n\n\n<ul class=\"wp-block-list\">\n<li>March\u00e9 de la Place \u00e0 Wendover \u2013 <i class=\"fas fa-location-dot\"><\/i> <a href=\"https:\/\/goo.gl\/maps\/39tafDt2jAhRZLJ57\" title=\"\u00e0 environ 5,8 km du camping\">\u00e0 environ 5,8 km du camping<\/a>.<\/li>\n\n\n\n<li>D\u00e9panneur L\u00e9ger \u00e0 Plantagen\u00eat \u2013 <i class=\"fas fa-location-dot\"><\/i> <a href=\"https:\/\/goo.gl\/maps\/pPFCAvRPaVx7yRR2A\" title=\"\u00e0 environ 6,6 km du camping.\">\u00e0 environ 6,6 km du camping.<\/a>.<\/li>\n<\/ul>\n<\/details>\n\n\n\n<details class=\"wp-block-details is-layout-flow wp-block-details-is-layout-flow\"><summary><strong>Les feux de camp sont-ils permis et des foyers sont-ils fournis ?<\/strong><\/summary>\n<p>Les feux de camp sont permis tant qu\u2019aucune interdiction de feu n\u2019est en vigueur. L\u2019Oasis de l\u2019\u00c9toile ne fournit pas de foyers. Vous pouvez acheter votre propre foyers. Les feux de camp doivent \u00eatre conformes aux <a href=\"https:\/\/www.alfred-plantagenet.com\/fr\/township-hall\/by-laws.aspx\">r\u00e8glements du canton d'Alfred et Plantagenet<\/a>.<\/p>\n<\/details>\n\n\n\n<details class=\"wp-block-details is-layout-flow wp-block-details-is-layout-flow\"><summary><strong>Offrez-vous des \u00e9quipements tels que des toilettes, des douches et une buanderie ?<\/strong><\/summary>\n<p>Oui. L\u2019Oasis de l\u2019\u00c9toile offre des toilettes, des douches et une buanderie sur place attach\u00e9e au centre communautaire. Voir <a href=\"https:\/\/www.loasisdeletoile.com\/fr\/amenities\/\" title=\"Commodit\u00e9s\">Commodit\u00e9s<\/a> our plus d'informations.<\/p>\n<\/details>\n\n\n\n<details class=\"wp-block-details is-layout-flow wp-block-details-is-layout-flow\"><summary><strong>Y a-t-il des heures de silence ou des r\u00e8gles concernant le bruit ?<\/strong><\/summary>\n<p>Oui. Les heures calmes sont de 21h00 \u00e0 9h00 du dimanche au mercredi et de 23h00 \u00e0 10h00 du jeudi au samedi. Aucun bruit excessif ne sera tol\u00e9r\u00e9 entre ces horaires.<\/p>\n\n\n\n<p>De plus, le dimanche est le jour du Seigneur. L\u2019Oasis de l\u2019\u00c9toile demande aux campeurs de profiter et d\u2019\u00eatre en paix, de se d\u00e9tendre et d\u2019\u00e9viter de faire tout type de travaux (ex. : construction, r\u00e9novation, tonte de pelouse, peinture, etc\u2026)<\/p>\n<\/details>\n\n\n\n<details class=\"wp-block-details is-layout-flow wp-block-details-is-layout-flow\"><summary><strong>Quelles activit\u00e9s sont disponibles au camping ou \u00e0 proximit\u00e9 ?<\/strong><\/summary>\n<p>Oui. Le camping comprend une piscine, un terrain de jeux et propose diverses activit\u00e9s tout au long de la saison. Il dispose \u00e9galement d'un comit\u00e9 social et d'un centre communautaire o\u00f9 les campeurs peuvent se retrouver pour des parties amicales de fl\u00e9chettes ou de cartes, et pour partager un moment convivial. Voir <a href=\"https:\/\/www.loasisdeletoile.com\/fr\/amenities\/\" title=\"Commodit\u00e9s\">Commodit\u00e9s<\/a> our plus d'informations.<\/p>\n\n\n\n<p>Il existe \u00e9galement une vari\u00e9t\u00e9 d\u2019activit\u00e9s familiales dans les environs. Voir <a href=\"https:\/\/www.loasisdeletoile.com\/fr\/activities\/\" title=\"Activit\u00e9s\">Activit\u00e9s<\/a> our plus d'informations.<\/p>\n<\/details>\n\n\n\n<details class=\"wp-block-details is-layout-flow wp-block-details-is-layout-flow\"><summary><strong>Le camping est-il accessible aux personnes handicap\u00e9es ?<\/strong><\/summary>\n<p>La r\u00e9ponse courte est non. Pas enti\u00e8rement. L\u2019Oasis de l\u2019\u00c9toile favorise un environnement inclusif en favorisant la prise de conscience et la sensibilit\u00e9 du personnel et des autres campeurs. Et nous encourageons une culture de respect et de compr\u00e9hension pour tous les campeurs, quelles que soient leurs capacit\u00e9s.<\/p>\n\n\n\n<p>Voici quelques facteurs cl\u00e9s \u00e0 consid\u00e9rer lors de la s\u00e9lection de L'Oasis de l'\u00c9toile comme destination de camping.<\/p>\n\n\n\n<ul class=\"wp-block-list\">\n<li>Les sentiers sont larges mais compos\u00e9s de gravier compact\u00e9.&nbsp;<\/li>\n\n\n\n<li>Les terrains sont situ\u00e9s autant que possible sur un terrain plat et offrent suffisamment d'espace pour se d\u00e9placer. L\u2019Oasis de l\u2019\u00c9toile n\u2019est pas responsable de l\u2019accessibilit\u00e9 des terrains actuellement occup\u00e9s par les campeurs.<\/li>\n\n\n\n<li>La signalisation est fournie dans de grandes polices et des couleurs \u00e0 contraste \u00e9lev\u00e9, mais elle n'est pas fournie dans plusieurs formats, tels que le braille et l'audio.<\/li>\n\n\n\n<li>La piscine comprend un escabeau avec des mains courantes et de larges marches.<\/li>\n<\/ul>\n\n\n\n<p>Nous vous encourageons \u00e0 <a href=\"https:\/\/www.loasisdeletoile.com\/fr\/contact-us\/\" title=\"nous contacter\">contactez-nous<\/a> si vous avez des probl\u00e8mes sp\u00e9cifiques en mati\u00e8re d'accessibilit\u00e9.<\/p>\n<\/details>\n\n\n\n<details class=\"wp-block-details is-layout-flow wp-block-details-is-layout-flow\"><summary><strong>Y a-t-il des restrictions sur les g\u00e9n\u00e9rateurs ou autres \u00e9quipements ?<\/strong><\/summary>\n<p>Le camping fournit une puissance de 30 amp\u00e8res pour chaque lot. Un circuit de 30 amp\u00e8res utilise 120 volts, ce qui repr\u00e9sente environ 3 600 watts disponibles. Vous pouvez utiliser votre micro-ondes, votre machine \u00e0 caf\u00e9 et votre grille-pain&nbsp;<\/p>\n\n\n\n<p>Il n'y a pas de restrictions sp\u00e9cifiques sur l'utilisation des g\u00e9n\u00e9rateurs, mais ils ne sont pas n\u00e9cessaires et peuvent \u00eatre tr\u00e8s bruyants. Les g\u00e9n\u00e9rateurs ne doivent \u00eatre utilis\u00e9s qu'en cas d'urgence, c'est-\u00e0-dire : Le camping perd le courant pendant une p\u00e9riode prolong\u00e9e.&nbsp;<\/p>\n\n\n\n<p>Un g\u00e9n\u00e9rateur doit toujours \u00eatre utilis\u00e9 \u00e0 l\u2019ext\u00e9rieur en raison du danger li\u00e9 aux gaz d\u2019\u00e9chappement et au monoxyde de carbone. Placez-le toujours sous le vent et assurez-vous que les fum\u00e9es ne p\u00e9n\u00e8trent pas directement dans les autres unit\u00e9s de camping. Vous aurez probablement besoin d\u2019un bo\u00eetier ventil\u00e9 pour le prot\u00e9ger de la pluie et contribuer \u00e0 r\u00e9duire les nuisances sonores.<\/p>\n<\/details>\n\n\n\n<details class=\"wp-block-details is-layout-flow wp-block-details-is-layout-flow\"><summary><strong>Le camping est-il familial ou adapt\u00e9 aux grands groupes ?<\/strong><\/summary>\n<p>Le camping est familial.<\/p>\n<\/details>\n\n\n\n<details class=\"wp-block-details is-layout-flow wp-block-details-is-layout-flow\"><summary><strong>Y a-t-il des attractions ou des points d'int\u00e9r\u00eat dans les alentours ?<\/strong><\/summary>\n<p>Oui. Il existe un certain nombre d'attractions ou de points d'int\u00e9r\u00eat \u00e0 proximit\u00e9. Voir <a href=\"https:\/\/www.loasisdeletoile.com\/fr\/activities\/\" title=\"Activit\u00e9s\">Activit\u00e9s<\/a> our plus d'informations.<\/p>\n<\/details>\n\n\n\n<details class=\"wp-block-details is-layout-flow wp-block-details-is-layout-flow\"><summary><strong>Puis-je apporter mon propre bois de chauffage ou est-il disponible \u00e0 l'achat sur place ?<\/strong><\/summary>\n<p>Il est interdit d'apporter son propre bois de chauffage principalement pour des raisons environnementales. Le transport du bois de chauffage d'une zone \u00e0 une autre peut introduire des insectes nuisibles et des maladies qui peut avoir un impact n\u00e9gatif sur la population d'arbres locaux.<\/p>\n\n\n\n<p>Du bois de chauffage est disponible sur place \u00e0 des frais suppl\u00e9mentaires. Nous garantissons que la qualit\u00e9 du bois de chauffage que nous vendons ne pr\u00e9sente aucun danger pour la population d'arbres locale et que le bois de chauffage r\u00e9pond \u00e0 des crit\u00e8res sp\u00e9cifiques pour minimiser le risque d'incendies incontr\u00f4l\u00e9s pour une exp\u00e9rience de camping meilleure et plus s\u00e9curitaire.<\/p>\n\n\n\n<p class=\"translation-block\">Pour le bois de chauffage, simplement <a href=\"https:\/\/www.loasisdeletoile.com\/fr\/contact-us\/\" title=\"Contact Us\" target=\"_self\">contacter un b\u00e9n\u00e9vole<\/a> et il organisera une livraison sur votre terrain.<\/p>\n<\/details>\n\n\n\n<details class=\"wp-block-details is-layout-flow wp-block-details-is-layout-flow\"><summary><strong>Existe-t-il des r\u00e8gles sp\u00e9cifiques concernant la p\u00eache ou la navigation de plaisance dans les eaux voisines ?<\/strong><\/summary>\n<p>La zone de conservation de Jessup's Falls offre un acc\u00e8s \u00e0 la rivi\u00e8re pour lancer de petits bateaux, p\u00eacher depuis le quai ou depuis les affleurements rocheux parfaits pour lancer votre ligne.<\/p>\n\n\n\n<p>Quatre fois par ann\u00e9e, les r\u00e9sidents canadiens peuvent p\u00eacher en Ontario sans acheter de permis de p\u00eache. Ces p\u00e9riodes sont g\u00e9n\u00e9ralement en f\u00e9vrier, mai, juin et juillet.&nbsp;<\/p>\n\n\n\n<p>La zone est g\u00e9r\u00e9e par la <a href=\"https:\/\/www.nation.on.ca\/fr\/node\/477\/mid\/1100\">Conservation de la Nation Sud<\/a>.<\/p>\n<\/details>\n\n\n\n<details class=\"wp-block-details is-layout-flow wp-block-details-is-layout-flow\"><summary><strong>Y a-t-il un acc\u00e8s \u00e0 l'eau potable au camping ?<\/strong><\/summary>\n<p>Non. Pour obtenir de l\u2019eau potable, nous vous recommandons d\u2019apporter votre propre r\u00e9serve d\u2019eau potable ou d\u2019acheter de l\u2019eau en bouteille dans les \u00e9piceries locales.<\/p>\n\n\n\n<ul class=\"wp-block-list\">\n<li>March\u00e9 de la Place \u00e0 Wendover \u2013 <i class=\"fas fa-location-dot\"><\/i> <a href=\"https:\/\/goo.gl\/maps\/39tafDt2jAhRZLJ57\" title=\"\u00e0 environ 5,8 km du camping\">\u00e0 environ 5,8 km du camping<\/a>.<\/li>\n\n\n\n<li>D\u00e9panneur L\u00e9ger \u00e0 Plantagen\u00eat \u2013 <i class=\"fas fa-location-dot\"><\/i> <a href=\"https:\/\/goo.gl\/maps\/pPFCAvRPaVx7yRR2A\" title=\"\u00e0 environ 6,6 km du camping.\">\u00e0 environ 6,6 km du camping.<\/a>.<\/li>\n<\/ul>\n<\/details>\n\n\n\n<details class=\"wp-block-details is-layout-flow wp-block-details-is-layout-flow\"><summary><strong>Comment est la r\u00e9ception des portables au camping ?<\/strong><\/summary>\n<p>La r\u00e9ception des t\u00e9l\u00e9phones cellulaires est bonne, m\u00eame si cela peut d\u00e9pendre de votre op\u00e9rateur de t\u00e9l\u00e9phonie mobile.<\/p>\n<\/details>\n\n\n\n<details class=\"wp-block-details is-layout-flow wp-block-details-is-layout-flow\"><summary><strong>Y a-t-il des zones d\u00e9sign\u00e9es pour le recyclage et l\u2019\u00e9limination des d\u00e9chets ?<\/strong><\/summary>\n<div class=\"wp-block-columns is-layout-flex wp-container-core-columns-is-layout-28f84493 wp-block-columns-is-layout-flex\">\n<div class=\"wp-block-column is-layout-flow wp-block-column-is-layout-flow\" style=\"flex-basis:66.66%\">\n<p>Oui. Il y a une zone d\u00e9sign\u00e9e pour le recyclage et l'\u00e9limination des d\u00e9chets \u00e0 une courte distance des lots. \u00c0 une courte distance de marche de l'endroit o\u00f9 se trouvent les lots. Et accessible facilement en quittant le camping.<\/p>\n<\/div>\n\n\n\n<div class=\"wp-block-column is-layout-flow wp-block-column-is-layout-flow\" style=\"flex-basis:33.33%\">\n<figure class=\"wp-block-image size-large\"><img loading=\"lazy\" decoding=\"async\" width=\"1024\" height=\"768\" src=\"https:\/\/www.loasisdeletoile.com\/wp-content\/uploads\/2023\/10\/IMG_2085-1024x768.jpeg\" alt=\"\" class=\"wp-image-84\" srcset=\"https:\/\/www.loasisdeletoile.com\/wp-content\/uploads\/2023\/10\/IMG_2085-1024x768.jpeg 1024w, https:\/\/www.loasisdeletoile.com\/wp-content\/uploads\/2023\/10\/IMG_2085-300x225.jpeg 300w, https:\/\/www.loasisdeletoile.com\/wp-content\/uploads\/2023\/10\/IMG_2085-768x576.jpeg 768w, https:\/\/www.loasisdeletoile.com\/wp-content\/uploads\/2023\/10\/IMG_2085-1536x1152.jpeg 1536w, https:\/\/www.loasisdeletoile.com\/wp-content\/uploads\/2023\/10\/IMG_2085-2048x1536.jpeg 2048w, https:\/\/www.loasisdeletoile.com\/wp-content\/uploads\/2023\/10\/IMG_2085-16x12.jpeg 16w\" sizes=\"auto, (max-width: 1024px) 100vw, 1024px\" \/><\/figure>\n<\/div>\n<\/div>\n<\/details>\n\n\n\n<details class=\"wp-block-details is-layout-flow wp-block-details-is-layout-flow\"><summary><strong>Puis-je apporter mon propre grill ou mon mat\u00e9riel de cuisine ?<\/strong><\/summary>\n<p>Oui, vous pouvez apporter votre propre BBQ (barbecue). Assurez-vous de suivre les instructions du fabricant pour une utilisation en toute s\u00e9curit\u00e9. Voici quelques conseils de s\u00e9curit\u00e9 :<\/p>\n\n\n\n<ul class=\"wp-block-list\">\n<li>Placez votre gril ou votre \u00e9quipement de cuisson \u00e0 une distance s\u00fbre des tentes, des arbres et autres objets inflammables. Cela aide \u00e0 pr\u00e9venir les accidents et garantit que les \u00e9tincelles et la chaleur ne provoquent pas d'incendies involontaires.<\/li>\n\n\n\n<li>Assurez-vous que votre barbecue est plac\u00e9 sur une surface stable et plane. Cela \u00e9vite tout basculement accidentel et garantit une cuisson uniforme.<\/li>\n\n\n\n<li>Utilisez des ustensiles de barbecue appropri\u00e9s pour manipuler les grilles et les aliments chauds. Les pinces, les spatules et les gants r\u00e9sistants \u00e0 la chaleur sont des outils essentiels pour griller en toute s\u00e9curit\u00e9.<\/li>\n\n\n\n<li>Ne laissez jamais le barbecue sans surveillance pendant son utilisation. Restez \u00e0 proximit\u00e9 pour surveiller la cuisson et pr\u00e9venir les accidents.<\/li>\n\n\n\n<li>Si vous utilisez des barbecues au charbon de bois, assurez-vous d'utiliser uniquement des briquettes de charbon de bois et de ne pas br\u00fbler de bois ou d'autres mat\u00e9riaux dans le gril. Pour les barbecues au propane, v\u00e9rifiez que votre r\u00e9servoir de propane et ses connexions sont en bon \u00e9tat avant utilisation.<\/li>\n\n\n\n<li>Si vous utilisez du charbon de bois, assurez-vous de jeter les cendres de charbon en toute s\u00e9curit\u00e9. Ne jetez jamais de charbons ardents sur le sol.<\/li>\n<\/ul>\n<\/details>","protected":false},"excerpt":{"rendered":"<p>Ces FAQ fournissent des informations essentielles aux campeurs potentiels et contribuent \u00e0 garantir une exp\u00e9rience de camping fluide et agr\u00e9able.<\/p>","protected":false},"author":2,"featured_media":0,"parent":0,"menu_order":0,"comment_status":"closed","ping_status":"closed","template":"","meta":{"om_disable_all_campaigns":false,"_uag_custom_page_level_css":"","_monsterinsights_skip_tracking":false,"_monsterinsights_sitenote_active":false,"_monsterinsights_sitenote_note":"","_monsterinsights_sitenote_category":0,"_mc_calendar":[],"footnotes":""},"class_list":["post-187","page","type-page","status-publish","hentry"],"aioseo_notices":[],"uagb_featured_image_src":{"full":false,"thumbnail":false,"medium":false,"medium_large":false,"large":false,"1536x1536":false,"2048x2048":false,"trp-custom-language-flag":false},"uagb_author_info":{"display_name":"L'Oasis de L'\u00c9toile","author_link":"https:\/\/www.loasisdeletoile.com\/fr\/author\/pbrown\/"},"uagb_comment_info":0,"uagb_excerpt":"These FAQs provide essential information to potential campers and help ensure a smooth and enjoyable camping experience.","_links":{"self":[{"href":"https:\/\/www.loasisdeletoile.com\/fr\/wp-json\/wp\/v2\/pages\/187","targetHints":{"allow":["GET"]}}],"collection":[{"href":"https:\/\/www.loasisdeletoile.com\/fr\/wp-json\/wp\/v2\/pages"}],"about":[{"href":"https:\/\/www.loasisdeletoile.com\/fr\/wp-json\/wp\/v2\/types\/page"}],"author":[{"embeddable":true,"href":"https:\/\/www.loasisdeletoile.com\/fr\/wp-json\/wp\/v2\/users\/2"}],"replies":[{"embeddable":true,"href":"https:\/\/www.loasisdeletoile.com\/fr\/wp-json\/wp\/v2\/comments?post=187"}],"version-history":[{"count":5,"href":"https:\/\/www.loasisdeletoile.com\/fr\/wp-json\/wp\/v2\/pages\/187\/revisions"}],"predecessor-version":[{"id":768,"href":"https:\/\/www.loasisdeletoile.com\/fr\/wp-json\/wp\/v2\/pages\/187\/revisions\/768"}],"wp:attachment":[{"href":"https:\/\/www.loasisdeletoile.com\/fr\/wp-json\/wp\/v2\/media?parent=187"}],"curies":[{"name":"wp","href":"https:\/\/api.w.org\/{rel}","templated":true}]}}