{"id":10,"date":"2023-09-28T23:37:57","date_gmt":"2023-09-28T23:37:57","guid":{"rendered":"https:\/\/www.loasisdeletoile.com\/?page_id=10"},"modified":"2024-04-30T21:27:57","modified_gmt":"2024-04-30T21:27:57","slug":"about","status":"publish","type":"page","link":"https:\/\/www.loasisdeletoile.com\/fr\/about\/","title":{"rendered":"\u00c0 propos"},"content":{"rendered":"<div class=\"wp-block-columns is-layout-flex wp-container-core-columns-is-layout-28f84493 wp-block-columns-is-layout-flex\">\n<div class=\"wp-block-column is-layout-flow wp-block-column-is-layout-flow\" style=\"flex-basis:66.66%\">\n<p>L\u2019Oasis de l\u2019\u00c9toile est un terrain de camping chr\u00e9tien qui appartient et est g\u00e9r\u00e9 par le Centre de l\u2019Amour, un centre de retraite spirituelle catholique \u00e0 but non lucratif. Le camping saisonnier accueille environ 50 terrains spacieux et offre de nombreux choix pour trouver l'endroit id\u00e9al pour installer votre v\u00e9hicule r\u00e9cr\u00e9atif. Que vous pr\u00e9f\u00e9riez un endroit confortable au bord de la for\u00eat, pr\u00e8s du terrain de jeux ou au milieu des arbres, notre camping vous offre des emplacements vari\u00e9s selon vos pr\u00e9f\u00e9rences.<\/p>\n<\/div>\n\n\n\n<div class=\"wp-block-column is-layout-flow wp-block-column-is-layout-flow\" style=\"flex-basis:33.33%\">\n<figure class=\"wp-block-image size-large\"><a href=\"https:\/\/www.loasisdeletoile.com\/wp-content\/uploads\/2023\/09\/campground.png\"><img loading=\"lazy\" decoding=\"async\" width=\"1024\" height=\"1014\" src=\"https:\/\/www.loasisdeletoile.com\/wp-content\/uploads\/2023\/09\/campground-1024x1014.png\" alt=\"Map of the campsite.\" class=\"wp-image-41\" srcset=\"https:\/\/www.loasisdeletoile.com\/wp-content\/uploads\/2023\/09\/campground-1024x1014.png 1024w, https:\/\/www.loasisdeletoile.com\/wp-content\/uploads\/2023\/09\/campground-300x297.png 300w, https:\/\/www.loasisdeletoile.com\/wp-content\/uploads\/2023\/09\/campground-150x150.png 150w, https:\/\/www.loasisdeletoile.com\/wp-content\/uploads\/2023\/09\/campground-768x760.png 768w, https:\/\/www.loasisdeletoile.com\/wp-content\/uploads\/2023\/09\/campground-1536x1521.png 1536w, https:\/\/www.loasisdeletoile.com\/wp-content\/uploads\/2023\/09\/campground-12x12.png 12w, https:\/\/www.loasisdeletoile.com\/wp-content\/uploads\/2023\/09\/campground.png 1792w\" sizes=\"auto, (max-width: 1024px) 100vw, 1024px\" \/><\/a><\/figure>\n<\/div>\n<\/div>\n\n\n\n<h2 class=\"wp-block-heading\">Notre mission<\/h2>\n\n\n\n<p>Nous sommes d\u00e9vou\u00e9s de fournir un camping saisonnier serein et sacr\u00e9, o\u00f9 les individus peuvent chercher r\u00e9confort, rajeunissement et enrichissement spirituel. Nous offrons un refuge transformateur aux clients de tous milieux pour se connecter avec la nature et favoriser un sentiment de communaut\u00e9.<\/p>\n\n\n\n<h2 class=\"wp-block-heading\">Notre vision<\/h2>\n\n\n\n<p>Nous envisageons un sanctuaire harmonieux o\u00f9 la beaut\u00e9 naturelle de notre camping et la sagesse de nos enseignements spirituels s'entrelacent. Gr\u00e2ce \u00e0 la gestion attentionn\u00e9e du Centre de l\u2019Amour, nous visons \u00e0 cr\u00e9er un cadre idyllique o\u00f9 les clients peuvent trouver la paix int\u00e9rieure et un but renouvel\u00e9. Notre vision est d'\u00eatre une source d'inspiration durable, favorisant une communaut\u00e9 de personnes partageant les m\u00eames id\u00e9es qui embrassent les valeurs d'amour, de gentillesse et d'unit\u00e9, emportant avec eux l'esprit de L'Oasis de l'\u00c9toile tout au long de leur voyage, faisant un impact positif sur leur vie et sur le monde qui les entoure.<\/p>\n\n\n\n<h2 class=\"wp-block-heading\">Nos valeurs<\/h2>\n\n\n\n<p>Nos actions et d\u00e9cisions sont guid\u00e9es par un engagement profond de respecter les valeurs fondamentales suivantes :<\/p>\n\n\n\n<ol class=\"wp-block-list\">\n<li><strong>Amour et compassion : <\/strong>Nous adoptons les valeurs chr\u00e9tiennes d'amour, de compassion et de compr\u00e9hension, cr\u00e9ant un espace accueillant o\u00f9 chacun se sent \u00e0 sa place, accept\u00e9 et soutenu.<\/li>\n\n\n\n<li><strong>Communaut\u00e9 et camaraderie : <\/strong>Nous ch\u00e9rissons le pouvoir de la communaut\u00e9, favorisant un sentiment d'appartenance et de camaraderie entre les invit\u00e9s, le personnel et les b\u00e9n\u00e9voles, favorisant des relations significatives et des exp\u00e9riences partag\u00e9es.<\/li>\n\n\n\n<li><strong>Gestion responsable de la nature : <\/strong>Nous tenons l'environnement en haute estime, pratiquons une gestion responsable de notre environnement et encourageons des choix respectueux de l'environnement pour pr\u00e9server la beaut\u00e9 naturelle qui nous entoure.<\/li>\n\n\n\n<li><strong>Gratitude et humilit\u00e9 : <\/strong>Nous cultivons une attitude de gratitude et d\u2019humilit\u00e9, reconnaissant les b\u00e9n\u00e9dictions que nous recevons et servant humblement les autres avec un c\u0153ur g\u00e9n\u00e9reux.<\/li>\n<\/ol>\n\n\n\n<p>Gr\u00e2ce \u00e0 notre engagement ind\u00e9fectible envers ces valeurs, nous aspirons \u00e0 cr\u00e9er une oasis d\u2019amour, de paix et de tranquillit\u00e9 o\u00f9 tous ceux qui cherchent refuge peuvent trouver un lieu de repos et de d\u00e9tente.<\/p>","protected":false},"excerpt":{"rendered":"<p>L\u2019Oasis de l\u2019\u00c9toile is a christian campground owned and operated by the Centre de l\u2019Amour, a Catholic, Non-Profit spiritual retreat centre. The seasonal campsite hosts approximately 50 spacious lots and offers ample choices to find the perfect spot to set up your recreational vehicle. Whether you prefer a cozy spot by the forest, close to [&hellip;]<\/p>\n","protected":false},"author":2,"featured_media":166,"parent":0,"menu_order":0,"comment_status":"closed","ping_status":"closed","template":"","meta":{"om_disable_all_campaigns":false,"_uag_custom_page_level_css":"","_monsterinsights_skip_tracking":false,"_monsterinsights_sitenote_active":false,"_monsterinsights_sitenote_note":"","_monsterinsights_sitenote_category":0,"_mc_calendar":[],"footnotes":""},"class_list":["post-10","page","type-page","status-publish","has-post-thumbnail","hentry"],"aioseo_notices":[],"uagb_featured_image_src":{"full":["https:\/\/www.loasisdeletoile.com\/wp-content\/uploads\/2023\/10\/IMG_2080-1-scaled.jpeg",2560,1920,false],"thumbnail":["https:\/\/www.loasisdeletoile.com\/wp-content\/uploads\/2023\/10\/IMG_2080-1-150x150.jpeg",150,150,true],"medium":["https:\/\/www.loasisdeletoile.com\/wp-content\/uploads\/2023\/10\/IMG_2080-1-300x225.jpeg",300,225,true],"medium_large":["https:\/\/www.loasisdeletoile.com\/wp-content\/uploads\/2023\/10\/IMG_2080-1-768x576.jpeg",768,576,true],"large":["https:\/\/www.loasisdeletoile.com\/wp-content\/uploads\/2023\/10\/IMG_2080-1-1024x768.jpeg",1024,768,true],"1536x1536":["https:\/\/www.loasisdeletoile.com\/wp-content\/uploads\/2023\/10\/IMG_2080-1-1536x1152.jpeg",1536,1152,true],"2048x2048":["https:\/\/www.loasisdeletoile.com\/wp-content\/uploads\/2023\/10\/IMG_2080-1-2048x1536.jpeg",2048,1536,true],"trp-custom-language-flag":["https:\/\/www.loasisdeletoile.com\/wp-content\/uploads\/2023\/10\/IMG_2080-1-16x12.jpeg",16,12,true]},"uagb_author_info":{"display_name":"L'Oasis de L'\u00c9toile","author_link":"https:\/\/www.loasisdeletoile.com\/fr\/author\/pbrown\/"},"uagb_comment_info":0,"uagb_excerpt":"L\u2019Oasis de l\u2019\u00c9toile is a christian campground owned and operated by the Centre de l\u2019Amour, a Catholic, Non-Profit spiritual retreat centre. The seasonal campsite hosts approximately 50 spacious lots and offers ample choices to find the perfect spot to set up your recreational vehicle. Whether you prefer a cozy spot by the forest, close to&hellip;","_links":{"self":[{"href":"https:\/\/www.loasisdeletoile.com\/fr\/wp-json\/wp\/v2\/pages\/10","targetHints":{"allow":["GET"]}}],"collection":[{"href":"https:\/\/www.loasisdeletoile.com\/fr\/wp-json\/wp\/v2\/pages"}],"about":[{"href":"https:\/\/www.loasisdeletoile.com\/fr\/wp-json\/wp\/v2\/types\/page"}],"author":[{"embeddable":true,"href":"https:\/\/www.loasisdeletoile.com\/fr\/wp-json\/wp\/v2\/users\/2"}],"replies":[{"embeddable":true,"href":"https:\/\/www.loasisdeletoile.com\/fr\/wp-json\/wp\/v2\/comments?post=10"}],"version-history":[{"count":10,"href":"https:\/\/www.loasisdeletoile.com\/fr\/wp-json\/wp\/v2\/pages\/10\/revisions"}],"predecessor-version":[{"id":475,"href":"https:\/\/www.loasisdeletoile.com\/fr\/wp-json\/wp\/v2\/pages\/10\/revisions\/475"}],"wp:featuredmedia":[{"embeddable":true,"href":"https:\/\/www.loasisdeletoile.com\/fr\/wp-json\/wp\/v2\/media\/166"}],"wp:attachment":[{"href":"https:\/\/www.loasisdeletoile.com\/fr\/wp-json\/wp\/v2\/media?parent=10"}],"curies":[{"name":"wp","href":"https:\/\/api.w.org\/{rel}","templated":true}]}}